{"id":976,"date":"2014-08-25T23:03:42","date_gmt":"2014-08-26T02:03:42","guid":{"rendered":"http:\/\/mcelectronics.com.ar\/site\/producto\/training-box-wifi\/"},"modified":"2017-07-24T15:47:05","modified_gmt":"2017-07-24T18:47:05","slug":"training-box-wifi","status":"publish","type":"product","link":"http:\/\/mcelectronics.com.ar\/site\/producto\/training-box-wifi\/","title":{"rendered":"Training Box WI-FI + Cloud Computing"},"content":{"rendered":"<h1>Training Box WI-FI<\/h1>\n<p>En este curso intensivo de 2 clases el alumno aprender\u00e1 a trabajar con el Microchip TCP\/IP Stack. Funciones del stack TCP\/IP para crear un sistema de telemetr\u00eda y control remoto a trav\u00e9s de Ethernet. Se realizar\u00e1n numerosas pr\u00e1cticas incluyendo conectividad, interfaz de usuario, funciones callback, envio de datos a la nube y control remoto. Incluye placa de entrenamiento y libro sin cargo. Totalmente en espa\u00f1ol con un profesor en VIVO.<\/p>\n<p>&nbsp;<\/p>\n<h2>Incluye SmartStick WI-FI:<\/h2>\n<p>Smart Stick WI-FI incluye un PIC32, sensor de temperatura y bateria de 3.7v. Sistema listo para funcionar.<\/p>\n<p>Aprenda a utilizar las herramientas de Microchip para dise\u00f1ar e implementar un sistema de comunicaciones inal\u00e1mbrico. Libro impreso de 460 paginas totalmente en espa\u00f1ol.<\/p>\n<p>&nbsp;<\/p>\n<p>&nbsp;<\/p>\n<p><a href=\"http:\/\/us4.campaign-archive2.com\/?u=d9680f852ccfec32b9495e8ac&amp;id=e6f3bb7b00\">M\u00e1s informaci\u00f3n<\/a><\/p>\n<p>&nbsp;<\/p>\n","protected":false},"excerpt":{"rendered":"<p>Curso on-line en VIVO<\/p>\n","protected":false},"featured_media":550,"comment_status":"open","ping_status":"closed","template":"","meta":[],"product_brand":[],"product_cat":[36],"product_tag":[],"class_list":{"0":"post-976","1":"product","2":"type-product","3":"status-publish","4":"has-post-thumbnail","6":"product_cat-training","8":"first","9":"onbackorder","10":"sale","11":"taxable","12":"shipping-taxable","13":"purchasable","14":"product-type-simple"},"_links":{"self":[{"href":"http:\/\/mcelectronics.com.ar\/site\/wp-json\/wp\/v2\/product\/976","targetHints":{"allow":["GET"]}}],"collection":[{"href":"http:\/\/mcelectronics.com.ar\/site\/wp-json\/wp\/v2\/product"}],"about":[{"href":"http:\/\/mcelectronics.com.ar\/site\/wp-json\/wp\/v2\/types\/product"}],"replies":[{"embeddable":true,"href":"http:\/\/mcelectronics.com.ar\/site\/wp-json\/wp\/v2\/comments?post=976"}],"wp:featuredmedia":[{"embeddable":true,"href":"http:\/\/mcelectronics.com.ar\/site\/wp-json\/wp\/v2\/media\/550"}],"wp:attachment":[{"href":"http:\/\/mcelectronics.com.ar\/site\/wp-json\/wp\/v2\/media?parent=976"}],"wp:term":[{"taxonomy":"product_brand","embeddable":true,"href":"http:\/\/mcelectronics.com.ar\/site\/wp-json\/wp\/v2\/product_brand?post=976"},{"taxonomy":"product_cat","embeddable":true,"href":"http:\/\/mcelectronics.com.ar\/site\/wp-json\/wp\/v2\/product_cat?post=976"},{"taxonomy":"product_tag","embeddable":true,"href":"http:\/\/mcelectronics.com.ar\/site\/wp-json\/wp\/v2\/product_tag?post=976"}],"curies":[{"name":"wp","href":"https:\/\/api.w.org\/{rel}","templated":true}]}}