{"id":6910,"date":"2019-01-25T14:51:21","date_gmt":"2019-01-25T17:51:21","guid":{"rendered":"http:\/\/mcelectronics.com.ar\/site\/?post_type=product&#038;p=6910"},"modified":"2021-02-19T14:04:25","modified_gmt":"2021-02-19T17:04:25","slug":"microbit-bbc","status":"publish","type":"product","link":"http:\/\/mcelectronics.com.ar\/site\/producto\/microbit-bbc\/","title":{"rendered":"Placa de desarrollo BBC Micro:bit"},"content":{"rendered":"<p><img loading=\"lazy\" decoding=\"async\" class=\"alignnone size-full wp-image-6912\" src=\"http:\/\/mcelectronics.com.ar\/site\/wp-content\/uploads\/2019\/01\/bbc_micobit_gif_v2.gif\" alt=\"\" width=\"800\" height=\"450\"><\/p>\n<p>La Micro:bit es \u00fatil para implementar automatizaci\u00f3n, desde la rob\u00f3tica o la programaci\u00f3n. La placa trae sensores incorporados, lo que se vincula con que sea potente a bajo costo. El sensor permite recuperar datos del exterior y a su vez, el comportamiento de la placa se refleja por una matriz de led.<\/p>\n<p>Adem\u00e1s, el entorno de programaci\u00f3n es online, lo que permite que se pueda hacer una programaci\u00f3n con un simulador. Es decir, no siempre es necesario contar con la placa f\u00edsica para trabajar.<\/p>\n<p>&nbsp;<\/p>\n<p><img loading=\"lazy\" decoding=\"async\" class=\"alignnone size-full wp-image-6911\" src=\"http:\/\/mcelectronics.com.ar\/site\/wp-content\/uploads\/2019\/01\/slow-mo.gif\" alt=\"\" width=\"1093\" height=\"624\"><\/p>\n<p>&nbsp;<\/p>\n<p>Si bien, es utilizado de manera sencilla puede usarse con otros lenguajes m\u00e1s potentes como Java y Python para que lo usen estudiantes m\u00e1s grandes.<br \/>\nLa Micro:bit permite crear casi cualquier cosa que pase por la mente de los m\u00e1s peque\u00f1os: desde un videojuego, ropa inteligente, m\u00fasica, robots, entre otros.<\/p>\n<p>Una tendencia que se est\u00e1 desarrollando enormemente a nivel mundial, es conectar la Micro:bit a las prendas de vestir. De esta forma, se da lugar a la realizaci\u00f3n de vestimenta inteligente.<\/p>\n<p>La Micro:bit sirve para constru\u00edr drones. Tambi\u00e9n puede utilizarse para medir la temperatura, humedad, poner indicadores, hacer luces, o de control remoto, entre otras aplicaciones.<\/p>\n<p><strong>Producto en caja cerrada con conexi\u00f3n Bluetooth. No requiere programador ni software adicional para funcionar. Se programa desde la web:<\/strong><br \/>\n<strong>https:\/\/makecode.microbit.org\/#editor<\/strong><\/p>\n","protected":false},"excerpt":{"rendered":"<p>Potencia en la palma de tu mano. Programaci\u00f3n gr\u00e1fica web. Desarrollada por la BBC.<\/p>\n","protected":false},"featured_media":6913,"comment_status":"open","ping_status":"closed","template":"","meta":[],"product_brand":[],"product_cat":[14],"product_tag":[],"class_list":{"0":"post-6910","1":"product","2":"type-product","3":"status-publish","4":"has-post-thumbnail","6":"product_cat-herramientas-de-desarrollo","8":"first","9":"outofstock","10":"sale","11":"purchasable","12":"product-type-simple"},"_links":{"self":[{"href":"http:\/\/mcelectronics.com.ar\/site\/wp-json\/wp\/v2\/product\/6910","targetHints":{"allow":["GET"]}}],"collection":[{"href":"http:\/\/mcelectronics.com.ar\/site\/wp-json\/wp\/v2\/product"}],"about":[{"href":"http:\/\/mcelectronics.com.ar\/site\/wp-json\/wp\/v2\/types\/product"}],"replies":[{"embeddable":true,"href":"http:\/\/mcelectronics.com.ar\/site\/wp-json\/wp\/v2\/comments?post=6910"}],"wp:featuredmedia":[{"embeddable":true,"href":"http:\/\/mcelectronics.com.ar\/site\/wp-json\/wp\/v2\/media\/6913"}],"wp:attachment":[{"href":"http:\/\/mcelectronics.com.ar\/site\/wp-json\/wp\/v2\/media?parent=6910"}],"wp:term":[{"taxonomy":"product_brand","embeddable":true,"href":"http:\/\/mcelectronics.com.ar\/site\/wp-json\/wp\/v2\/product_brand?post=6910"},{"taxonomy":"product_cat","embeddable":true,"href":"http:\/\/mcelectronics.com.ar\/site\/wp-json\/wp\/v2\/product_cat?post=6910"},{"taxonomy":"product_tag","embeddable":true,"href":"http:\/\/mcelectronics.com.ar\/site\/wp-json\/wp\/v2\/product_tag?post=6910"}],"curies":[{"name":"wp","href":"https:\/\/api.w.org\/{rel}","templated":true}]}}