{"id":6843,"date":"2018-11-26T11:54:35","date_gmt":"2018-11-26T14:54:35","guid":{"rendered":"http:\/\/mcelectronics.com.ar\/site\/?post_type=product&#038;p=6843"},"modified":"2022-07-05T09:23:33","modified_gmt":"2022-07-05T12:23:33","slug":"microchip-mplab-snap-pg164100","status":"publish","type":"product","link":"http:\/\/mcelectronics.com.ar\/site\/producto\/microchip-mplab-snap-pg164100\/","title":{"rendered":"Microchip MPLAB Snap PG164100"},"content":{"rendered":"<h2><b>MPLAB Snap (PG164100).<\/b><br \/>\nEl programador m\u00e1s vers\u00e1til. Producto nuevo en caja cerrada. Promoci\u00f3n hasta agotar stock.<\/h2>\n<p>&nbsp;<\/p>\n<p>Compatible con la mayor\u00eda de los PIC\u00ae, dsPIC\u00ae y AVR MCUs.<\/p>\n<p>Utiliza el mismo procesador que el ICD4 &#8211; 32-bit 300MHz SAME70 MCU.<\/p>\n<p>Soporta un rango de tensi\u00f3n mayor que sus predecesores.<\/p>\n<p>Compatible con interface JTAG y ICSP.<\/p>\n<p><a href=\"https:\/\/www.thingiverse.com\/thing:3074301\">Gabinete para imprimir en 3D<\/a><\/p>\n<p>&nbsp;<\/p>\n<div class='et_post_video'><iframe loading=\"lazy\" src=\"https:\/\/player.vimeo.com\/video\/284827937?app_id=122963\" width=\"1080\" height=\"608\" frameborder=\"0\" title=\"Unboxing the New MPLAB&reg; Snap Debugger\" allow=\"autoplay; fullscreen\" allowfullscreen><\/iframe><\/div>\n<p><img loading=\"lazy\" decoding=\"async\" class=\"alignnone size-full wp-image-6844\" src=\"http:\/\/mcelectronics.com.ar\/site\/wp-content\/uploads\/2018\/11\/snap.png\" alt=\"\" width=\"957\" height=\"1300\" srcset=\"http:\/\/mcelectronics.com.ar\/site\/wp-content\/uploads\/2018\/11\/snap.png 957w, http:\/\/mcelectronics.com.ar\/site\/wp-content\/uploads\/2018\/11\/snap-600x815.png 600w, http:\/\/mcelectronics.com.ar\/site\/wp-content\/uploads\/2018\/11\/snap-221x300.png 221w, http:\/\/mcelectronics.com.ar\/site\/wp-content\/uploads\/2018\/11\/snap-768x1043.png 768w, http:\/\/mcelectronics.com.ar\/site\/wp-content\/uploads\/2018\/11\/snap-754x1024.png 754w\" sizes=\"auto, (max-width: 957px) 100vw, 957px\" \/><\/p>\n","protected":false},"excerpt":{"rendered":"<p>El programador m\u00e1s vers\u00e1til al mejor precio.<\/p>\n","protected":false},"featured_media":6845,"comment_status":"open","ping_status":"closed","template":"","meta":[],"product_brand":[],"product_cat":[13],"product_tag":[],"class_list":{"0":"post-6843","1":"product","2":"type-product","3":"status-publish","4":"has-post-thumbnail","6":"product_cat-programadores","8":"first","9":"outofstock","10":"sale","11":"taxable","12":"shipping-taxable","13":"purchasable","14":"product-type-simple"},"_links":{"self":[{"href":"http:\/\/mcelectronics.com.ar\/site\/wp-json\/wp\/v2\/product\/6843","targetHints":{"allow":["GET"]}}],"collection":[{"href":"http:\/\/mcelectronics.com.ar\/site\/wp-json\/wp\/v2\/product"}],"about":[{"href":"http:\/\/mcelectronics.com.ar\/site\/wp-json\/wp\/v2\/types\/product"}],"replies":[{"embeddable":true,"href":"http:\/\/mcelectronics.com.ar\/site\/wp-json\/wp\/v2\/comments?post=6843"}],"wp:featuredmedia":[{"embeddable":true,"href":"http:\/\/mcelectronics.com.ar\/site\/wp-json\/wp\/v2\/media\/6845"}],"wp:attachment":[{"href":"http:\/\/mcelectronics.com.ar\/site\/wp-json\/wp\/v2\/media?parent=6843"}],"wp:term":[{"taxonomy":"product_brand","embeddable":true,"href":"http:\/\/mcelectronics.com.ar\/site\/wp-json\/wp\/v2\/product_brand?post=6843"},{"taxonomy":"product_cat","embeddable":true,"href":"http:\/\/mcelectronics.com.ar\/site\/wp-json\/wp\/v2\/product_cat?post=6843"},{"taxonomy":"product_tag","embeddable":true,"href":"http:\/\/mcelectronics.com.ar\/site\/wp-json\/wp\/v2\/product_tag?post=6843"}],"curies":[{"name":"wp","href":"https:\/\/api.w.org\/{rel}","templated":true}]}}