{"id":6133,"date":"2017-11-28T15:11:20","date_gmt":"2017-11-28T18:11:20","guid":{"rendered":"http:\/\/mcelectronics.com.ar\/site\/?post_type=product&#038;p=6133"},"modified":"2020-10-09T08:33:10","modified_gmt":"2020-10-09T11:33:10","slug":"e-book-herramientas-avanzadas-para-el-disenador-electronico","status":"publish","type":"product","link":"http:\/\/mcelectronics.com.ar\/site\/producto\/e-book-herramientas-avanzadas-para-el-disenador-electronico\/","title":{"rendered":"E-book &#8211; Herramientas avanzadas para el dise\u00f1ador electr\u00f3nico. 416 pag."},"content":{"rendered":"<div class=\"et_pb_text et_pb_bg_layout_light et_pb_text_align_left\">\n<h2>Herramientas y T\u00e9cnicas Avanzadas para el Dise\u00f1ador Electr\u00f3nico\u00ae<\/h2>\n<p>Aprenda a dise\u00f1ar, simular y fabricar circuitos electr\u00f3nicos con las herramientas que emplean los profesionales.<\/p>\n<h3>INTRODUCCI\u00d3N<\/h3>\n<p>Aproveche las caracter\u00edsticas del entorno unificado de desarrollo de AD para dise\u00f1ar y simular sus circuitos. Descripci\u00f3n detallada de todas las herramientas del software y ejemplos concretos para que el lector descubra todo su potencial.<\/p>\n<\/div>\n<div class=\"et_pb_text et_pb_bg_layout_light et_pb_text_align_left\">\n<h2>DFM<\/h2>\n<h3>DESIGN FOR MANUFACTURING<\/h3>\n<p>Dise\u00f1ar su circuito conociendo las t\u00e9cnicas de fabricaci\u00f3n habituales le permitir\u00e1 reducir los costos y optimizar los tiempos de producci\u00f3n.<\/p>\n<\/div>\n<div class=\"et_pb_text et_pb_bg_layout_light et_pb_text_align_left\">\n<h2>ESQUEM\u00c1TICO<\/h2>\n<h3>SIMULACI\u00d3N DE CIRCUITOS E INTEGRIDAD DE SE\u00d1AL<\/h3>\n<p>An\u00e1lisis temporal, respuesta en frecuencia, transitorios y gr\u00e1ficos de BODE. Adem\u00e1s, an\u00e1lisis de integridad para evaluar interferencia cruzada (crosstalk) y reflexiones por desacople de impedancias.<\/p>\n<\/div>\n<div class=\"et_pb_text et_pb_bg_layout_light et_pb_text_align_left\">\n<h2>PCB<strong><br \/>\n<\/strong><\/h2>\n<h3>DISE\u00d1O DEL PCB<\/h3>\n<p>Reglas de ruteo, ruteo interactivo y ruteo avanzado (pares diferenciales y control de impedancia para realizar, por ejemplo, una l\u00ednea de transmisi\u00f3n). Generaci\u00f3n de capas y topolog\u00eda del PCB para crear circuitos simple faz, doble capa y multilayer. Descubra las posibilidades que ofrece AD para dise\u00f1os Flex y RigidFlex. Aprenda a rutear circuitos en forma manual y en forma autom\u00e1tica siguiendo las reglas de dise\u00f1o habituales.<\/p>\n<\/div>\n<div class=\"et_pb_text et_pb_bg_layout_light et_pb_text_align_left\">\n<h2>LIBRERIAS<\/h2>\n<h3>DISE\u00d1O DE LIBRER\u00cdAS Y MODELOS 3D<\/h3>\n<p>Dise\u00f1o de librer\u00edas desde cero. El lector deber\u00e1 ser capaz de crear sus propias librer\u00edas partiendo de una hoja de datos. Aprenda a importar el esquem\u00e1tico de distintos fabricantes, como generar el footprint y el modelo en tres dimensiones.<\/p>\n<\/div>\n<div class=\"et_pb_text et_pb_bg_layout_light et_pb_text_align_left\">\n<h2>FABRICACI\u00d3N<strong><br \/>\n<\/strong><\/h2>\n<h3>REPORTES Y GENERACION DE ARCHIVOS PARA FABRICACI\u00d3N<\/h3>\n<p>Aprenda a generar los archivos necesarios para fabricar su PCB. De esta forma podr\u00e1 enviar los archivos directamente a su proveedor, ya sea una empresa montadora de componentes o un fabricantes de circuitos impresos. Lista de materiales y PDFs en 3D.<\/p>\n<\/div>\n<div class=\"et_pb_text et_pb_bg_layout_light et_pb_text_align_left\">\n<h2>INTEGRACI\u00d3N MEC\u00c1NICA<strong><br \/>\n<\/strong><\/h2>\n<h3>MODELOS 3D<\/h3>\n<p>Veremos como integrar nuestro PCB con el gabinete mediante reglas de dise\u00f1o. Adem\u00e1s aproveche las nuevas caracter\u00edsticas para insertar compenentes embebidos en las capas internas del PCB. Layer Stack Manager avanzado.<\/p>\n<\/div>\n<div class=\"et_pb_text et_pb_bg_layout_light et_pb_text_align_left\">\n<h2>ALTA VELOCIDAD<strong><br \/>\n<\/strong><\/h2>\n<h3>DISE\u00d1O DE LINEAS DE TRANSMISI\u00d3N<\/h3>\n<p>Aprenda a implementar lineas de alta velocidad con xSignals\u00a0 y dise\u00f1o de microstrips. Teardrops. Stitching vias y su aplicaci\u00f3n en circuitos de RF. An\u00e1lisis t\u00e9rmico mediante herramientas externas..<\/p>\n<\/div>\n","protected":false},"excerpt":{"rendered":"<p>Herramientas y T\u00e9cnicas Avanzadas para el Dise\u00f1ador Electr\u00f3nico\u00ae Aprenda a dise\u00f1ar, simular y fabricar circuitos electr\u00f3nicos con las herramientas que emplean los profesionales. INTRODUCCI\u00d3N Aproveche las caracter\u00edsticas del entorno unificado de desarrollo de AD para dise\u00f1ar y simular sus circuitos. Descripci\u00f3n detallada de todas las herramientas del software y ejemplos concretos para que el lector [&hellip;]<\/p>\n","protected":false},"featured_media":4800,"comment_status":"open","ping_status":"closed","template":"","meta":[],"product_brand":[],"product_cat":[43],"product_tag":[],"class_list":{"0":"post-6133","1":"product","2":"type-product","3":"status-publish","4":"has-post-thumbnail","6":"product_cat-ebook","8":"first","9":"instock","10":"downloadable","11":"virtual","12":"purchasable","13":"product-type-simple"},"_links":{"self":[{"href":"http:\/\/mcelectronics.com.ar\/site\/wp-json\/wp\/v2\/product\/6133","targetHints":{"allow":["GET"]}}],"collection":[{"href":"http:\/\/mcelectronics.com.ar\/site\/wp-json\/wp\/v2\/product"}],"about":[{"href":"http:\/\/mcelectronics.com.ar\/site\/wp-json\/wp\/v2\/types\/product"}],"replies":[{"embeddable":true,"href":"http:\/\/mcelectronics.com.ar\/site\/wp-json\/wp\/v2\/comments?post=6133"}],"wp:featuredmedia":[{"embeddable":true,"href":"http:\/\/mcelectronics.com.ar\/site\/wp-json\/wp\/v2\/media\/4800"}],"wp:attachment":[{"href":"http:\/\/mcelectronics.com.ar\/site\/wp-json\/wp\/v2\/media?parent=6133"}],"wp:term":[{"taxonomy":"product_brand","embeddable":true,"href":"http:\/\/mcelectronics.com.ar\/site\/wp-json\/wp\/v2\/product_brand?post=6133"},{"taxonomy":"product_cat","embeddable":true,"href":"http:\/\/mcelectronics.com.ar\/site\/wp-json\/wp\/v2\/product_cat?post=6133"},{"taxonomy":"product_tag","embeddable":true,"href":"http:\/\/mcelectronics.com.ar\/site\/wp-json\/wp\/v2\/product_tag?post=6133"}],"curies":[{"name":"wp","href":"https:\/\/api.w.org\/{rel}","templated":true}]}}