{"id":511,"date":"2014-06-01T20:56:01","date_gmt":"2014-06-01T23:56:01","guid":{"rendered":"http:\/\/mcelectronics.com.ar\/site\/producto\/mce-wireless-gsm\/"},"modified":"2016-07-19T11:39:35","modified_gmt":"2016-07-19T14:39:35","slug":"mce-wireless-gsm","status":"publish","type":"product","link":"http:\/\/mcelectronics.com.ar\/site\/producto\/mce-wireless-gsm\/","title":{"rendered":"MCE Wireless KIT GSM"},"content":{"rendered":"<h1>GSM y GPRS hecho simple.<\/h1>\n<p><strong>Con la nueva MCE Wireless KIT GSM pod\u00e9s realizar telemetr\u00eda y control remoto a trav\u00e9s de GSM o GPRS.<br \/>\n<\/strong><\/p>\n<p>Incluye el m\u00f3dulo SIM900 que permite activar funciones a trav\u00e9s de mensajes de texto o llamadas telef\u00f3nicas. Tambi\u00e9n es posible enviar datos por GPRS. Cuatribanda mundial: funciona con cualquier empresa de telefon\u00eda m\u00f3vil. Incluye bateria, antena y PIC18F26J50. Sistema listo para funcionar. La bateria se puede cargar por USB o con una fuente de 9v.<\/p>\n<p>GSM y GPRS<br \/>\nEl m\u00f3dulo GSM SIM900 se maneja por comandos AT.\u00a0 A trav\u00e9s de la USART de un PIC\u00ae es posible realizar llamadas, enviar y recibir SMS y realizar comunicaciones de datos por GPRS.<\/p>\n<p>Conexiones:<br \/>\nLa placa tiene disponible los pines TX y RX del m\u00f3dulo GSM, l\u00edneas para micr\u00f3fono y speaker y funciones especiales.<\/p>\n<p>GPRS Transparente:<br \/>\nPod\u00e9s configurar el m\u00f3dulo para que reenv\u00ede los datos que recibe por la USART a un socket TCP o UDP remoto. Incluye antena GSM.<\/p>\n","protected":false},"excerpt":{"rendered":"<p>GSM y GPRS hecho simple.<\/p>\n","protected":false},"featured_media":516,"comment_status":"open","ping_status":"closed","template":"","meta":[],"product_brand":[],"product_cat":[14],"product_tag":[],"class_list":{"0":"post-511","1":"product","2":"type-product","3":"status-publish","4":"has-post-thumbnail","6":"product_cat-herramientas-de-desarrollo","8":"first","9":"outofstock","10":"taxable","11":"shipping-taxable","12":"purchasable","13":"product-type-simple"},"_links":{"self":[{"href":"http:\/\/mcelectronics.com.ar\/site\/wp-json\/wp\/v2\/product\/511","targetHints":{"allow":["GET"]}}],"collection":[{"href":"http:\/\/mcelectronics.com.ar\/site\/wp-json\/wp\/v2\/product"}],"about":[{"href":"http:\/\/mcelectronics.com.ar\/site\/wp-json\/wp\/v2\/types\/product"}],"replies":[{"embeddable":true,"href":"http:\/\/mcelectronics.com.ar\/site\/wp-json\/wp\/v2\/comments?post=511"}],"wp:featuredmedia":[{"embeddable":true,"href":"http:\/\/mcelectronics.com.ar\/site\/wp-json\/wp\/v2\/media\/516"}],"wp:attachment":[{"href":"http:\/\/mcelectronics.com.ar\/site\/wp-json\/wp\/v2\/media?parent=511"}],"wp:term":[{"taxonomy":"product_brand","embeddable":true,"href":"http:\/\/mcelectronics.com.ar\/site\/wp-json\/wp\/v2\/product_brand?post=511"},{"taxonomy":"product_cat","embeddable":true,"href":"http:\/\/mcelectronics.com.ar\/site\/wp-json\/wp\/v2\/product_cat?post=511"},{"taxonomy":"product_tag","embeddable":true,"href":"http:\/\/mcelectronics.com.ar\/site\/wp-json\/wp\/v2\/product_tag?post=511"}],"curies":[{"name":"wp","href":"https:\/\/api.w.org\/{rel}","templated":true}]}}