{"id":3385,"date":"2015-10-29T09:12:37","date_gmt":"2015-10-29T12:12:37","guid":{"rendered":"http:\/\/mcelectronics.com.ar\/site\/?post_type=product&#038;p=3385"},"modified":"2017-01-05T12:29:04","modified_gmt":"2017-01-05T15:29:04","slug":"trackme-3g","status":"publish","type":"product","link":"http:\/\/mcelectronics.com.ar\/site\/producto\/trackme-3g\/","title":{"rendered":"TrackMe 3G"},"content":{"rendered":"<div class=\"et_pb_text et_pb_bg_layout_light et_pb_text_align_left\">\n<h1>TrackMe 3G<\/h1>\n<p>&nbsp;<\/p>\n<\/div>\n<div class=\"et_pb_text et_pb_bg_layout_light et_pb_text_align_left\">\n<h1>Sistema de rastreo, telemetr\u00eda y control a trav\u00e9s de la red celular.<\/h1>\n<p>&nbsp;<\/p>\n<p>Incluye el nuevo modulo SIM5320 que incorpora tecnolog\u00eda 3G y GPS en el mismo encapsulado. Adem\u00e1s aceler\u00f3metro, sensor de luz y sensor de temperatura. Incluye antenas y bateria. Sistema listo para implementar. <a href=\"http:\/\/www.microchip.com.ar\/wcc\/placas_wcc_2015.pdf#page=1\">+info<\/a><\/p>\n<p>&nbsp;<\/p>\n<div class='et_post_video'><iframe loading=\"lazy\" src=\"https:\/\/player.vimeo.com\/video\/142930834\" width=\"1080\" height=\"608\" frameborder=\"0\" title=\"Microchip WCC2015 - TrackMe Mini\" webkitallowfullscreen mozallowfullscreen allowfullscreen><\/iframe><\/div>\n<\/div>\n","protected":false},"excerpt":{"rendered":"<p>TrackMe 3G &nbsp; Sistema de rastreo, telemetr\u00eda y control a trav\u00e9s de la red celular. &nbsp; Incluye el nuevo modulo SIM5320 que incorpora tecnolog\u00eda 3G y GPS en el mismo encapsulado. Adem\u00e1s aceler\u00f3metro, sensor de luz y sensor de temperatura. Incluye antenas y bateria. Sistema listo para implementar. +info &nbsp;<\/p>\n","protected":false},"featured_media":3387,"comment_status":"open","ping_status":"closed","template":"","meta":[],"product_brand":[],"product_cat":[14],"product_tag":[],"class_list":{"0":"post-3385","1":"product","2":"type-product","3":"status-publish","4":"has-post-thumbnail","6":"product_cat-herramientas-de-desarrollo","8":"first","9":"outofstock","10":"sale","11":"taxable","12":"shipping-taxable","13":"purchasable","14":"product-type-simple"},"_links":{"self":[{"href":"http:\/\/mcelectronics.com.ar\/site\/wp-json\/wp\/v2\/product\/3385","targetHints":{"allow":["GET"]}}],"collection":[{"href":"http:\/\/mcelectronics.com.ar\/site\/wp-json\/wp\/v2\/product"}],"about":[{"href":"http:\/\/mcelectronics.com.ar\/site\/wp-json\/wp\/v2\/types\/product"}],"replies":[{"embeddable":true,"href":"http:\/\/mcelectronics.com.ar\/site\/wp-json\/wp\/v2\/comments?post=3385"}],"wp:featuredmedia":[{"embeddable":true,"href":"http:\/\/mcelectronics.com.ar\/site\/wp-json\/wp\/v2\/media\/3387"}],"wp:attachment":[{"href":"http:\/\/mcelectronics.com.ar\/site\/wp-json\/wp\/v2\/media?parent=3385"}],"wp:term":[{"taxonomy":"product_brand","embeddable":true,"href":"http:\/\/mcelectronics.com.ar\/site\/wp-json\/wp\/v2\/product_brand?post=3385"},{"taxonomy":"product_cat","embeddable":true,"href":"http:\/\/mcelectronics.com.ar\/site\/wp-json\/wp\/v2\/product_cat?post=3385"},{"taxonomy":"product_tag","embeddable":true,"href":"http:\/\/mcelectronics.com.ar\/site\/wp-json\/wp\/v2\/product_tag?post=3385"}],"curies":[{"name":"wp","href":"https:\/\/api.w.org\/{rel}","templated":true}]}}