{"id":323,"date":"2014-04-20T00:28:08","date_gmt":"2014-04-20T03:28:08","guid":{"rendered":"http:\/\/mcelectronics.com.ar\/site\/?post_type=product&#038;p=323"},"modified":"2016-07-06T15:46:31","modified_gmt":"2016-07-06T18:46:31","slug":"training-box-bluetooth","status":"publish","type":"product","link":"http:\/\/mcelectronics.com.ar\/site\/producto\/training-box-bluetooth\/","title":{"rendered":"Training Box Bluetooth"},"content":{"rendered":"<h1>Training Box Bluetooth<\/h1>\n<p>Incluye todo lo necesario para realizar un sistema de comunicaci\u00f3n wireless utilizando Bluetooth.<\/p>\n<p>Placa de desarrollo Smart Stick Bluetooth<br \/>\nTomo I Dise\u00f1o e Implementaci\u00f3n de Sistemas con PIC<br \/>\nCurso on-line en VIVO de 4 hs<\/p>\n<h2>Curso:<\/h2>\n<p>Este curso intensivo de 2 clases tiene como objetivo dise\u00f1ar un sistema de comunicacion wireless bluetooth utilizando las herramientas de Microchip. Para esto se va estudiar el funcionamiento del m\u00f3dulo RN42 en conjunto con un PIC de 8 bits. El alumno va a ser guiado a trav\u00e9s de una serie de pr\u00e1cticas para aprovechar las funciones principales de este m\u00f3dulo. Perfiles de usuario y secuencia de conexi\u00f3n para reemplazar un cable serie y para emular un teclado\/mause. Descripci\u00f3n detallada del hardware, incluyendo consideraciones importantes y dise\u00f1o de las l\u00edneas de transmisi\u00f3n.<\/p>\n<h2>KIT:<\/h2>\n<p>Nueva placa Smart Stick Bluetooth. Incorpora el modulo RN42 de Microchip. Bateria, cargador de bateria, sensor de temperatura y PIC18F26J50. Sistema listo para operar.<\/p>\n<h2>Fecha:<\/h2>\n<p>Pr\u00f3xima fecha del curso on-line: <strong>16 y 17 de Octubre de 18 a 20 hs.<\/strong><\/p>\n","protected":false},"excerpt":{"rendered":"<p>Curso + Libro + Placa<\/p>\n","protected":false},"featured_media":550,"comment_status":"open","ping_status":"closed","template":"","meta":[],"product_brand":[],"product_cat":[36],"product_tag":[],"class_list":{"0":"post-323","1":"product","2":"type-product","3":"status-publish","4":"has-post-thumbnail","6":"product_cat-training","8":"first","9":"outofstock","10":"taxable","11":"shipping-taxable","12":"purchasable","13":"product-type-simple"},"_links":{"self":[{"href":"http:\/\/mcelectronics.com.ar\/site\/wp-json\/wp\/v2\/product\/323","targetHints":{"allow":["GET"]}}],"collection":[{"href":"http:\/\/mcelectronics.com.ar\/site\/wp-json\/wp\/v2\/product"}],"about":[{"href":"http:\/\/mcelectronics.com.ar\/site\/wp-json\/wp\/v2\/types\/product"}],"replies":[{"embeddable":true,"href":"http:\/\/mcelectronics.com.ar\/site\/wp-json\/wp\/v2\/comments?post=323"}],"wp:featuredmedia":[{"embeddable":true,"href":"http:\/\/mcelectronics.com.ar\/site\/wp-json\/wp\/v2\/media\/550"}],"wp:attachment":[{"href":"http:\/\/mcelectronics.com.ar\/site\/wp-json\/wp\/v2\/media?parent=323"}],"wp:term":[{"taxonomy":"product_brand","embeddable":true,"href":"http:\/\/mcelectronics.com.ar\/site\/wp-json\/wp\/v2\/product_brand?post=323"},{"taxonomy":"product_cat","embeddable":true,"href":"http:\/\/mcelectronics.com.ar\/site\/wp-json\/wp\/v2\/product_cat?post=323"},{"taxonomy":"product_tag","embeddable":true,"href":"http:\/\/mcelectronics.com.ar\/site\/wp-json\/wp\/v2\/product_tag?post=323"}],"curies":[{"name":"wp","href":"https:\/\/api.w.org\/{rel}","templated":true}]}}