{"id":3086,"date":"2015-08-10T01:17:38","date_gmt":"2015-08-10T04:17:38","guid":{"rendered":"http:\/\/mcelectronics.com.ar\/site\/?post_type=product&#038;p=3086"},"modified":"2017-04-19T07:57:40","modified_gmt":"2017-04-19T10:57:40","slug":"diseno-de-aplicaciones-moviles","status":"publish","type":"product","link":"http:\/\/mcelectronics.com.ar\/site\/producto\/diseno-de-aplicaciones-moviles\/","title":{"rendered":"Programaci\u00f3n avanzada para Android"},"content":{"rendered":"<h2><b>P<\/b><b>rogramaci\u00f3n avanzada para Android.<br \/>\n<\/b><b><\/b><\/h2>\n<h3><b><br \/>\n<\/b>Con la tecnolog\u00eda de Google Vision.<\/h3>\n<p>Aprenda a\u00a0 dise\u00f1ar aplicaciones capaces de reconocer gestos, c\u00f3digos de barra y textos utilizando la API de Google Vision para im\u00e1genes.\u00a0 Evolucione hacia el siguiente nivel con Google Cloud Platform y desarrolle las Apps del futuro.<\/p>\n<h3><strong>09 AL 30 DE MAYO 2017 &#8211; 18 a 22 hs GMT-3<\/strong><\/h3>\n","protected":false},"excerpt":{"rendered":"<p>Programaci\u00f3n avanzada para Android. Con la tecnolog\u00eda de Google Vision. Aprenda a\u00a0 dise\u00f1ar aplicaciones capaces de reconocer gestos, c\u00f3digos de barra y textos utilizando la API de Google Vision para im\u00e1genes.\u00a0 Evolucione hacia el siguiente nivel con Google Cloud Platform y desarrolle las Apps del futuro. 09 AL 30 DE MAYO 2017 &#8211; 18 a [&hellip;]<\/p>\n","protected":false},"featured_media":5627,"comment_status":"open","ping_status":"closed","template":"","meta":[],"product_brand":[],"product_cat":[36],"product_tag":[],"class_list":{"0":"post-3086","1":"product","2":"type-product","3":"status-publish","4":"has-post-thumbnail","6":"product_cat-training","8":"first","9":"instock","10":"sale","11":"virtual","12":"taxable","13":"purchasable","14":"product-type-simple"},"_links":{"self":[{"href":"http:\/\/mcelectronics.com.ar\/site\/wp-json\/wp\/v2\/product\/3086","targetHints":{"allow":["GET"]}}],"collection":[{"href":"http:\/\/mcelectronics.com.ar\/site\/wp-json\/wp\/v2\/product"}],"about":[{"href":"http:\/\/mcelectronics.com.ar\/site\/wp-json\/wp\/v2\/types\/product"}],"replies":[{"embeddable":true,"href":"http:\/\/mcelectronics.com.ar\/site\/wp-json\/wp\/v2\/comments?post=3086"}],"wp:featuredmedia":[{"embeddable":true,"href":"http:\/\/mcelectronics.com.ar\/site\/wp-json\/wp\/v2\/media\/5627"}],"wp:attachment":[{"href":"http:\/\/mcelectronics.com.ar\/site\/wp-json\/wp\/v2\/media?parent=3086"}],"wp:term":[{"taxonomy":"product_brand","embeddable":true,"href":"http:\/\/mcelectronics.com.ar\/site\/wp-json\/wp\/v2\/product_brand?post=3086"},{"taxonomy":"product_cat","embeddable":true,"href":"http:\/\/mcelectronics.com.ar\/site\/wp-json\/wp\/v2\/product_cat?post=3086"},{"taxonomy":"product_tag","embeddable":true,"href":"http:\/\/mcelectronics.com.ar\/site\/wp-json\/wp\/v2\/product_tag?post=3086"}],"curies":[{"name":"wp","href":"https:\/\/api.w.org\/{rel}","templated":true}]}}