{"id":221,"date":"2014-04-19T12:27:19","date_gmt":"2014-04-19T15:27:19","guid":{"rendered":"http:\/\/mcelectronics.com.ar\/site\/?post_type=product&#038;p=221"},"modified":"2015-07-06T18:07:09","modified_gmt":"2015-07-06T21:07:09","slug":"webserver-ethernet","status":"publish","type":"product","link":"http:\/\/mcelectronics.com.ar\/site\/producto\/webserver-ethernet\/","title":{"rendered":"MCE WebServer Ethernet"},"content":{"rendered":"<h1>Ethernet hecho simple con PIC18F97J60<\/h1>\n<p>KIT DE DESARROLLO PARA TELEMETR\u00cdA Y CONTROL REMOTO A TRAV\u00c9S DE ETHERNET.<\/p>\n<p>El MCE WebServer Ethernet permite desarrollar un sistema de control a trav\u00e9s de Internet. El usuario final accede a una pagina web que le permite monitorear y controlar todas las funciones de la placa. Tambi\u00e9n es posible realizar un puente SERIAL-ETHERNET para adaptar sistemas antiguos. Esta versi\u00f3n incluye conexi\u00f3n con cable.<\/p>\n","protected":false},"excerpt":{"rendered":"<p>Telemetr\u00eda y control remoto a trav\u00e9s de Ethernet.<\/p>\n","protected":false},"featured_media":222,"comment_status":"open","ping_status":"closed","template":"","meta":[],"product_brand":[],"product_cat":[14],"product_tag":[],"class_list":{"0":"post-221","1":"product","2":"type-product","3":"status-publish","4":"has-post-thumbnail","6":"product_cat-herramientas-de-desarrollo","8":"first","9":"outofstock","10":"taxable","11":"shipping-taxable","12":"purchasable","13":"product-type-simple"},"_links":{"self":[{"href":"http:\/\/mcelectronics.com.ar\/site\/wp-json\/wp\/v2\/product\/221","targetHints":{"allow":["GET"]}}],"collection":[{"href":"http:\/\/mcelectronics.com.ar\/site\/wp-json\/wp\/v2\/product"}],"about":[{"href":"http:\/\/mcelectronics.com.ar\/site\/wp-json\/wp\/v2\/types\/product"}],"replies":[{"embeddable":true,"href":"http:\/\/mcelectronics.com.ar\/site\/wp-json\/wp\/v2\/comments?post=221"}],"wp:featuredmedia":[{"embeddable":true,"href":"http:\/\/mcelectronics.com.ar\/site\/wp-json\/wp\/v2\/media\/222"}],"wp:attachment":[{"href":"http:\/\/mcelectronics.com.ar\/site\/wp-json\/wp\/v2\/media?parent=221"}],"wp:term":[{"taxonomy":"product_brand","embeddable":true,"href":"http:\/\/mcelectronics.com.ar\/site\/wp-json\/wp\/v2\/product_brand?post=221"},{"taxonomy":"product_cat","embeddable":true,"href":"http:\/\/mcelectronics.com.ar\/site\/wp-json\/wp\/v2\/product_cat?post=221"},{"taxonomy":"product_tag","embeddable":true,"href":"http:\/\/mcelectronics.com.ar\/site\/wp-json\/wp\/v2\/product_tag?post=221"}],"curies":[{"name":"wp","href":"https:\/\/api.w.org\/{rel}","templated":true}]}}