{"id":211,"date":"2014-04-19T11:47:09","date_gmt":"2014-04-19T14:47:09","guid":{"rendered":"http:\/\/mcelectronics.com.ar\/site\/?post_type=product&#038;p=211"},"modified":"2015-06-11T23:58:11","modified_gmt":"2015-06-12T02:58:11","slug":"mce-starter-kit-dsp-2","status":"publish","type":"product","link":"http:\/\/mcelectronics.com.ar\/site\/producto\/mce-starter-kit-dsp-2\/","title":{"rendered":"MCE Starter KIT DSP"},"content":{"rendered":"<h1>Aplicaciones de control y dise\u00f1o de filtros con dsPIC\u00ae<\/h1>\n<p>La nueva placa MCE Starter KIT DSP incluye un dsPIC33FJ128GP202, un sensor de temperatura TC1047, un aceler\u00f3metro digital de 3 ejes, amplificadores operacionales de Microchip y el MCP2200 para la conexi\u00f3n USB.<\/p>\n<p>Aceler\u00f3metro digital<br \/>\nLos aceler\u00f3metros MMA845X de Freescale tienen una resoluci\u00f3n de 12 bits adem\u00e1s de interrupciones especiales . La conexi\u00f3n con el dsPIC es a trav\u00e9s de I2C.<\/p>\n<p>Filtros<br \/>\nPor medio del FilterLab es posible crear filtros\u00a0 digitales en el DSP. Adem\u00e1s incluye un AOP 6022 de Microchip para implementar un filtro anal\u00f3gico.<\/p>\n<p>Sensor<br \/>\nIncluye un sensor de temperatura de Microchip. La placa se alimenta del puerto USB, no requiere alimentaci\u00f3n externa.<\/p>\n","protected":false},"excerpt":{"rendered":"<p>Aplicaciones de control y dise\u00f1o de filtros con dsPIC.<\/p>\n","protected":false},"featured_media":50,"comment_status":"open","ping_status":"closed","template":"","meta":[],"product_brand":[],"product_cat":[14],"product_tag":[],"class_list":{"0":"post-211","1":"product","2":"type-product","3":"status-publish","4":"has-post-thumbnail","6":"product_cat-herramientas-de-desarrollo","8":"first","9":"outofstock","10":"taxable","11":"shipping-taxable","12":"purchasable","13":"product-type-simple"},"_links":{"self":[{"href":"http:\/\/mcelectronics.com.ar\/site\/wp-json\/wp\/v2\/product\/211","targetHints":{"allow":["GET"]}}],"collection":[{"href":"http:\/\/mcelectronics.com.ar\/site\/wp-json\/wp\/v2\/product"}],"about":[{"href":"http:\/\/mcelectronics.com.ar\/site\/wp-json\/wp\/v2\/types\/product"}],"replies":[{"embeddable":true,"href":"http:\/\/mcelectronics.com.ar\/site\/wp-json\/wp\/v2\/comments?post=211"}],"wp:featuredmedia":[{"embeddable":true,"href":"http:\/\/mcelectronics.com.ar\/site\/wp-json\/wp\/v2\/media\/50"}],"wp:attachment":[{"href":"http:\/\/mcelectronics.com.ar\/site\/wp-json\/wp\/v2\/media?parent=211"}],"wp:term":[{"taxonomy":"product_brand","embeddable":true,"href":"http:\/\/mcelectronics.com.ar\/site\/wp-json\/wp\/v2\/product_brand?post=211"},{"taxonomy":"product_cat","embeddable":true,"href":"http:\/\/mcelectronics.com.ar\/site\/wp-json\/wp\/v2\/product_cat?post=211"},{"taxonomy":"product_tag","embeddable":true,"href":"http:\/\/mcelectronics.com.ar\/site\/wp-json\/wp\/v2\/product_tag?post=211"}],"curies":[{"name":"wp","href":"https:\/\/api.w.org\/{rel}","templated":true}]}}