{"id":197,"date":"2014-04-19T10:54:58","date_gmt":"2014-04-19T13:54:58","guid":{"rendered":"http:\/\/mcelectronics.com.ar\/site\/?post_type=product&#038;p=197"},"modified":"2020-10-09T08:32:48","modified_gmt":"2020-10-09T11:32:48","slug":"diseno-con-altium-designer","status":"publish","type":"product","link":"http:\/\/mcelectronics.com.ar\/site\/producto\/diseno-con-altium-designer\/","title":{"rendered":"E-book Herramientas para Dise\u00f1adores Electr\u00f3nicos. 512 pag."},"content":{"rendered":"<h1>E-book Herramientas para Dise\u00f1adores Electr\u00f3nicos\u00ae<\/h1>\n<p>Aprenda a utilizar los programas de dise\u00f1o electr\u00f3nico que emplean los profesionales y empresas l\u00edderes del mercado.<\/p>\n","protected":false},"excerpt":{"rendered":"<p>416 pag &#8211; Libro digital<\/p>\n","protected":false},"featured_media":3329,"comment_status":"open","ping_status":"closed","template":"","meta":[],"product_brand":[],"product_cat":[43],"product_tag":[33],"class_list":{"0":"post-197","1":"product","2":"type-product","3":"status-publish","4":"has-post-thumbnail","6":"product_cat-ebook","7":"product_tag-altium","9":"first","10":"instock","11":"featured","12":"downloadable","13":"virtual","14":"purchasable","15":"product-type-simple"},"_links":{"self":[{"href":"http:\/\/mcelectronics.com.ar\/site\/wp-json\/wp\/v2\/product\/197","targetHints":{"allow":["GET"]}}],"collection":[{"href":"http:\/\/mcelectronics.com.ar\/site\/wp-json\/wp\/v2\/product"}],"about":[{"href":"http:\/\/mcelectronics.com.ar\/site\/wp-json\/wp\/v2\/types\/product"}],"replies":[{"embeddable":true,"href":"http:\/\/mcelectronics.com.ar\/site\/wp-json\/wp\/v2\/comments?post=197"}],"wp:featuredmedia":[{"embeddable":true,"href":"http:\/\/mcelectronics.com.ar\/site\/wp-json\/wp\/v2\/media\/3329"}],"wp:attachment":[{"href":"http:\/\/mcelectronics.com.ar\/site\/wp-json\/wp\/v2\/media?parent=197"}],"wp:term":[{"taxonomy":"product_brand","embeddable":true,"href":"http:\/\/mcelectronics.com.ar\/site\/wp-json\/wp\/v2\/product_brand?post=197"},{"taxonomy":"product_cat","embeddable":true,"href":"http:\/\/mcelectronics.com.ar\/site\/wp-json\/wp\/v2\/product_cat?post=197"},{"taxonomy":"product_tag","embeddable":true,"href":"http:\/\/mcelectronics.com.ar\/site\/wp-json\/wp\/v2\/product_tag?post=197"}],"curies":[{"name":"wp","href":"https:\/\/api.w.org\/{rel}","templated":true}]}}