{"id":1287,"date":"2014-12-08T17:46:30","date_gmt":"2014-12-08T20:46:30","guid":{"rendered":"http:\/\/mcelectronics.com.ar\/site\/?post_type=product&#038;p=1287"},"modified":"2020-09-23T09:31:04","modified_gmt":"2020-09-23T12:31:04","slug":"comunicaciones-wireless-con-pic","status":"publish","type":"product","link":"http:\/\/mcelectronics.com.ar\/site\/producto\/comunicaciones-wireless-con-pic\/","title":{"rendered":"E-book Comunicaciones Wireless con PIC. 460 pag."},"content":{"rendered":"<h1>Comunicaciones Wireless con PIC\u00ae<\/h1>\n<p>Aprenda a utilizar las herramientas de Microchip para dise\u00f1ar e implementar un sistema de comunicaciones inalambrico. Libro e-book de 460 paginas totalmente en espa\u00f1ol.<\/p>\n<div class=\"et_pb_text et_pb_bg_layout_light et_pb_text_align_left\">\n<p><strong><br \/>\nCap\u00edtulos:<\/strong><br \/>\nMPLAB\u00ae X y Code Configurator<br \/>\nBluetooth con PIC\u00ae<br \/>\nAplicaciones de rastreo y telemetr\u00eda 3G<br \/>\nInternet of Things (WI-FI)<br \/>\nComunicaciones MI-WI<\/p>\n<p><strong>Ap\u00e9ndices:<\/strong><br \/>\nDise\u00f1o de l\u00edneas de transmisi\u00f3n con AD.<br \/>\nUSB hecho simple con PIC\u00ae<\/p>\n<\/div>\n<div class=\"et_pb_text et_pb_bg_layout_light et_pb_text_align_left\">ISBN 978-987-3702-01-3<br \/>\nmcelectronics (c) 2014<a href=\"http:\/\/issuu.com\/mcelectronics\/docs\/cwcp_issue\">Ver indice y un capitulo gratis<\/a><\/div>\n<div class='et_post_video'>\n<div data-url=\"https:\/\/issuu.com\/mcelectronics\/docs\/cwcp_issue\" style=\"width: 1080px; height: 710px;\" class=\"issuuembed\"><\/div>\n<p><script type=\"text\/javascript\" src=\"\/\/e.issuu.com\/embed.js\" async=\"true\"><\/script><\/div>\n","protected":false},"excerpt":{"rendered":"<p>Precio de pre-venta hasta el 31\/12<\/p>\n","protected":false},"featured_media":1297,"comment_status":"open","ping_status":"closed","template":"","meta":[],"product_brand":[],"product_cat":[43],"product_tag":[],"class_list":{"0":"post-1287","1":"product","2":"type-product","3":"status-publish","4":"has-post-thumbnail","6":"product_cat-ebook","7":"product_shipping_class-libros-2","9":"first","10":"instock","11":"downloadable","12":"virtual","13":"purchasable","14":"product-type-simple"},"_links":{"self":[{"href":"http:\/\/mcelectronics.com.ar\/site\/wp-json\/wp\/v2\/product\/1287","targetHints":{"allow":["GET"]}}],"collection":[{"href":"http:\/\/mcelectronics.com.ar\/site\/wp-json\/wp\/v2\/product"}],"about":[{"href":"http:\/\/mcelectronics.com.ar\/site\/wp-json\/wp\/v2\/types\/product"}],"replies":[{"embeddable":true,"href":"http:\/\/mcelectronics.com.ar\/site\/wp-json\/wp\/v2\/comments?post=1287"}],"wp:featuredmedia":[{"embeddable":true,"href":"http:\/\/mcelectronics.com.ar\/site\/wp-json\/wp\/v2\/media\/1297"}],"wp:attachment":[{"href":"http:\/\/mcelectronics.com.ar\/site\/wp-json\/wp\/v2\/media?parent=1287"}],"wp:term":[{"taxonomy":"product_brand","embeddable":true,"href":"http:\/\/mcelectronics.com.ar\/site\/wp-json\/wp\/v2\/product_brand?post=1287"},{"taxonomy":"product_cat","embeddable":true,"href":"http:\/\/mcelectronics.com.ar\/site\/wp-json\/wp\/v2\/product_cat?post=1287"},{"taxonomy":"product_tag","embeddable":true,"href":"http:\/\/mcelectronics.com.ar\/site\/wp-json\/wp\/v2\/product_tag?post=1287"}],"curies":[{"name":"wp","href":"https:\/\/api.w.org\/{rel}","templated":true}]}}