{"id":94,"date":"2014-03-04T12:36:15","date_gmt":"2014-03-04T15:36:15","guid":{"rendered":"http:\/\/mcelectronics.com.ar\/site\/?page_id=94"},"modified":"2020-02-11T12:17:29","modified_gmt":"2020-02-11T15:17:29","slug":"contacto","status":"publish","type":"page","link":"http:\/\/mcelectronics.com.ar\/site\/contacto\/","title":{"rendered":"Contacto"},"content":{"rendered":"<p><div class=\"et_pb_section et_pb_fullwidth_section et_section_regular\">\r\n\t\t\t\r\n\t\t\t\r\n\t\t\t\t\r\n\t\t\t\t<div class=\"et_pb_map_container\">\r\n\t\t\t<div class=\"et_pb_map\" data-center-lat=\"-34.5904663\" data-center-lng=\"-58.40740929999998\" data-zoom=\"14\" data-mouse-wheel=\"on\"><\/div>\r\n\t\t\t<div class=\"et_pb_map_pin\" data-lat=\"-34.5904663\" data-lng=\"-58.40740929999998\" data-title=\"mcelectronics\">\r\n\t\t\t<div class=\"infowindow\">\n<p>Austria 1760 &#8211; OF8<br \/>\nCiudad de Buenos Aires (1425). BA.<br \/>\n<strong>Argentina<\/strong><\/p>\n<\/div>\r\n\t\t<\/div>\r\n\t\t<\/div>\r\n\t\t\t\r\n\t\t<\/div> <!-- .et_pb_section --><div class=\"et_pb_section et_section_regular\" style='background-color:#ffffff;'>\r\n\t\t\t\r\n\t\t\t\r\n\t\t\t\t\r\n\t\t\t\t<div class=\"et_pb_row\">\r\n\t\t\t<div class=\"et_pb_column et_pb_column_1_4\">\r\n\t\t\t<div class=\"et_pb_number_counter et_pb_bg_layout_light\" data-number-value=\"2 min\">\r\n\t\t\t<div class=\"percent\" style=\"color:#0099ff\"><p><span class=\"percent-value\"><\/span><\/p><\/div>\r\n\t\t\t<h3>Tiempo de espera telef\u00f3nica<\/h3>\r\n\t\t<\/div><!-- .et_pb_number_counter -->\r\n\t\t<\/div> <!-- .et_pb_column --><div class=\"et_pb_column et_pb_column_1_4\">\r\n\t\t\t<div class=\"et_pb_number_counter et_pb_bg_layout_light\" data-number-value=\"4 hs\">\r\n\t\t\t<div class=\"percent\" style=\"color:#0099ff\"><p><span class=\"percent-value\"><\/span><\/p><\/div>\r\n\t\t\t<h3>Tiempo de respuesta e-mails<\/h3>\r\n\t\t<\/div><!-- .et_pb_number_counter -->\r\n\t\t<\/div> <!-- .et_pb_column --><div class=\"et_pb_column et_pb_column_1_4\">\r\n\t\t\t<div class=\"et_pb_number_counter et_pb_bg_layout_light\" data-number-value=\"3\">\r\n\t\t\t<div class=\"percent\" style=\"color:#0099ff\"><p><span class=\"percent-value\"><\/span><\/p><\/div>\r\n\t\t\t<h3>Asistentes de soporte<\/h3>\r\n\t\t<\/div><!-- .et_pb_number_counter -->\r\n\t\t<\/div> <!-- .et_pb_column --><div class=\"et_pb_column et_pb_column_1_4\">\r\n\t\t\t<div class=\"et_pb_number_counter et_pb_bg_layout_light\" data-number-value=\"24 hs\">\r\n\t\t\t<div class=\"percent\" style=\"color:#0099ff\"><p><span class=\"percent-value\"><\/span><\/p><\/div>\r\n\t\t\t<h3>Tu respuesta en Facebook<\/h3>\r\n\t\t<\/div><!-- .et_pb_number_counter -->\r\n\t\t<\/div> <!-- .et_pb_column -->\r\n\t\t<\/div> <!-- .et_pb_row --><div class=\"et_pb_row\">\r\n\t\t\t<div class=\"et_pb_column et_pb_column_4_4\">\r\n\t\t\t<hr class=\"et_pb_space et_pb_divider\" style='border-color: #e8e8e8;' \/>\r\n\t\t<\/div> <!-- .et_pb_column -->\r\n\t\t<\/div> <!-- .et_pb_row --><div class=\"et_pb_row\">\r\n\t\t\t<div class=\"et_pb_column et_pb_column_1_3\">\r\n\t\t\t<div class=\"et_pb_blurb et_pb_bg_layout_light et_pb_text_align_left et_pb_blurb_position_left\">\r\n\t\t\t<div class=\"et_pb_blurb_content\">\r\n\t\t\t\t<div class=\"et_pb_main_blurb_image\"><span class=\"et-pb-icon et-waypoint et_pb_animation_off\" style=\"color: #c1c1c1;\">\ue01d<\/span><\/div>\r\n\t\t\t\t<h4>mcelectronics<\/h4>\r\n\t\t\t\t\n<p><span style=\"color: #333333;\">Austria 1760 &#8211; OF 8\u00a0<\/span><br style=\"color: #ffffff;\" \/><span style=\"color: #333333;\">Ciudad de Buenos Aires (1425).\u00a0<\/span><br style=\"color: #ffffff;\" \/><span style=\"color: #333333;\">Buenos Aires. Argentina.\u00a0<\/span><br style=\"color: #ffffff;\" \/><span style=\"color: #333333;\"><strong>Tel: +5411 4822-5220<br \/>\nWA: +5491164818708\u00a0<\/strong><\/span><br \/>\n<span style=\"color: #333333;\"> info@mcelectronics.com.ar<\/span><\/p>\n\r\n\t\t\t<\/div> <!-- .et_pb_blurb_content -->\r\n\t\t<\/div> <!-- .et_pb_blurb -->\r\n\t\t<\/div> <!-- .et_pb_column --><div class=\"et_pb_column et_pb_column_2_3\">\r\n\t\t\t\r\n\t\t<div id=\"formulario\" class=\"et_pb_contact_form_container clearfix formulario\">\r\n\t\t\t<h1 class=\"et_pb_contact_main_title\">Formulario de contacto<\/h1>\r\n\t\t\t\r\n\t\t\t\r\n\t\t\t<div class=\"et_pb_contact\">\r\n\t\t\t\t<div class=\"et-pb-contact-message\"><\/div>\r\n\r\n\t\t\t\t<form class=\"et_pb_contact_form clearfix\" method=\"post\" action=\"http:\/\/mcelectronics.com.ar\/site\/contacto\/\">\r\n\t\t\t\t\t<div class=\"et_pb_contact_left\">\r\n\t\t\t\t\t\t<p class=\"clearfix\">\r\n\t\t\t\t\t\t\t<label class=\"et_pb_contact_form_label\">Name<\/label>\r\n\t\t\t\t\t\t\t<input type=\"text\" class=\"input et_pb_contact_name\" value=\"Name\" name=\"et_pb_contact_name\">\r\n\t\t\t\t\t\t<\/p>\r\n\t\t\t\t\t\t<p class=\"clearfix\">\r\n\t\t\t\t\t\t\t<label class=\"et_pb_contact_form_label\">Email Address<\/label>\r\n\t\t\t\t\t\t\t<input type=\"text\" class=\"input et_pb_contact_email\" value=\"Email Address\" name=\"et_pb_contact_email\">\r\n\t\t\t\t\t\t<\/p>\r\n\t\t\t\t\t<\/div> <!-- .et_pb_contact_left -->\r\n\r\n\t\t\t\t\t<div class=\"clear\"><\/div>\r\n\t\t\t\t\t<p class=\"clearfix\">\r\n\t\t\t\t\t\t<label class=\"et_pb_contact_form_label\">Message<\/label>\r\n\t\t\t\t\t\t<textarea name=\"et_pb_contact_message\" class=\"et_pb_contact_message input\">Message<\/textarea>\r\n\t\t\t\t\t<\/p>\r\n\r\n\t\t\t\t\t<input type=\"hidden\" value=\"et_contact_proccess\" name=\"et_pb_contactform_submit\">\r\n\r\n\t\t\t\t\t<input type=\"submit\" value=\"Submit\" class=\"et_pb_contact_submit\">\r\n\r\n\t\t\t\t\t\r\n\t\t<div class=\"et_pb_contact_right\">\r\n\t\t\t<p class=\"clearfix\">\r\n\t\t\t\t2 + 8 = <input type=\"text\" size=\"2\" class=\"input et_pb_contact_captcha\" value=\"\" name=\"et_pb_contact_captcha\">\r\n\t\t\t<\/p>\r\n\t\t<\/div> <!-- .et_pb_contact_right -->\r\n\r\n\t\t\t\t\t<input type=\"hidden\" id=\"_wpnonce-et-pb-contact-form-submitted\" name=\"_wpnonce-et-pb-contact-form-submitted\" value=\"da5fba9c2b\" \/><input type=\"hidden\" name=\"_wp_http_referer\" value=\"\/site\/wp-json\/wp\/v2\/pages\/94\" \/>\r\n\t\t\t\t<\/form>\r\n\t\t\t<\/div> <!-- .et_pb_contact -->\r\n\t\t<\/div> <!-- .et_pb_contact_form_container -->\r\n\t\t\r\n\t\t<\/div> <!-- .et_pb_column -->\r\n\t\t<\/div> <!-- .et_pb_row --><div class=\"et_pb_row\">\r\n\t\t\t<div class=\"et_pb_column et_pb_column_4_4\">\r\n\t\t\t<hr class=\"et_pb_space et_pb_divider\" style='border-color: #e8e8e8;' \/>\r\n\t\t<\/div> <!-- .et_pb_column -->\r\n\t\t<\/div> <!-- .et_pb_row --><div class=\"et_pb_row\">\r\n\t\t\t<div class=\"et_pb_column et_pb_column_1_3\">\r\n\t\t\t<div class=\"et_pb_blurb et_pb_bg_layout_light et_pb_text_align_left et_pb_blurb_position_left\">\r\n\t\t\t<div class=\"et_pb_blurb_content\">\r\n\t\t\t\t<div class=\"et_pb_main_blurb_image\"><span class=\"et-pb-icon et-waypoint et_pb_animation_off\" style=\"color: #c1c1c1;\">w<\/span><\/div>\r\n\t\t\t\t<h4>Hablemos por Whats App!<\/h4>\r\n\t\t\t\t\n<p>Estamos en WA de <strong>7 a 22 hs<\/strong>.<br \/>\nPuede enviarnos un mensaje o realizar<br \/>\nuna llamada desde la web.<\/p>\n\r\n\t\t\t<\/div> <!-- .et_pb_blurb_content -->\r\n\t\t<\/div> <!-- .et_pb_blurb -->\r\n\t\t<\/div> <!-- .et_pb_column --><div class=\"et_pb_column et_pb_column_1_3\">\r\n\t\t\t<div class=\"et_pb_promo et_pb_bg_layout_dark et_pb_text_align_center\" style=\"background-color: #0099ff;\">\r\n\t\t\t<div class=\"et_pb_promo_description\">\r\n\t\t\t\t\r\n\t\t\t\t\n<p><script src=\"http:\/\/www.skypeassets.com\/i\/scom\/js\/skype-uri.js\" type=\"text\/javascript\"><\/script><\/p>\n<div id=\"SkypeButton_Call_alejandroairoldi_1\"><script type=\"text\/javascript\">\/\/ <!&#091;CDATA&#091;\nSkype.ui({ \"name\": \"dropdown\", \"element\": \"SkypeButton_Call_alejandroairoldi_1\", \"participants\": &#091;\"alejandroairoldi\"&#093;, \"imageColor\": \"white\", \"imageSize\": 24 });<br \/>\n\/\/ &#093;&#093;><\/script><\/div>\n\r\n\t\t\t<\/div>\r\n\t\t\t\r\n\t\t<\/div>\r\n\t\t<\/div> <!-- .et_pb_column --><div class=\"et_pb_column et_pb_column_1_3\">\r\n\t\t\t<div class=\"et_pb_promo et_pb_bg_layout_dark et_pb_text_align_center\" style=\"background-color: #0099ff;\">\r\n\t\t\t<div class=\"et_pb_promo_description\">\r\n\t\t\t\t\r\n\t\t\t\t\n<p>Lo esperamos en nuestra oficina de Lunes a Viernes de 9 a 17 hs. <strong>Envios a todo el mundo.<\/strong><\/p>\n\r\n\t\t\t<\/div>\r\n\t\t\t\r\n\t\t<\/div>\r\n\t\t<\/div> <!-- .et_pb_column -->\r\n\t\t<\/div> <!-- .et_pb_row -->\r\n\t\t\t\r\n\t\t<\/div> <!-- .et_pb_section --><div class=\"et_pb_section et_section_regular\" style='background-color:#f4f4f4;'>\r\n\t\t\t\r\n\t\t\t\r\n\t\t\t\t\r\n\t\t\t\t<div class=\"et_pb_row\">\r\n\t\t\t<div class=\"et_pb_column et_pb_column_1_3\">\r\n\t\t\t<div class=\"et_pb_blurb et_pb_bg_layout_light et_pb_text_align_left et_pb_blurb_position_left\">\r\n\t\t\t<div class=\"et_pb_blurb_content\">\r\n\t\t\t\t<div class=\"et_pb_main_blurb_image\"><img decoding=\"async\" src=\"http:\/\/mcelectronics.com.ar\/site\/wp-content\/uploads\/2014\/03\/mobile_80px.png\" alt=\"\" class=\"et-waypoint et_pb_animation_off\" \/><\/div>\r\n\t\t\t\t<h4>Compr\u00e1 on-line<\/h4>\r\n\t\t\t\t\n<p>Seleccion\u00e1 los productos, la forma de pago y el m\u00e9todo de env\u00edo. Realizamos env\u00edos a todo el pa\u00eds en 48 hs por Correo Argentino y al exterior en 5 d\u00edas h\u00e1biles por medio de FedEx.<\/p>\n\r\n\t\t\t<\/div> <!-- .et_pb_blurb_content -->\r\n\t\t<\/div> <!-- .et_pb_blurb -->\r\n\t\t<\/div> <!-- .et_pb_column --><div class=\"et_pb_column et_pb_column_1_3\">\r\n\t\t\t<div class=\"et_pb_blurb et_pb_bg_layout_light et_pb_text_align_left et_pb_blurb_position_left\">\r\n\t\t\t<div class=\"et_pb_blurb_content\">\r\n\t\t\t\t<div class=\"et_pb_main_blurb_image\"><img decoding=\"async\" src=\"http:\/\/mcelectronics.com.ar\/site\/wp-content\/uploads\/2014\/03\/clock_80px.png\" alt=\"\" class=\"et-waypoint et_pb_animation_off\" \/><\/div>\r\n\t\t\t\t<h4>Nos reunimos ?<\/h4>\r\n\t\t\t\t\n<p>Solicit\u00e1 una demostraci\u00f3n\u00a0en tu empresa o en nuestra oficina. Pod\u00e9s probar las\u00a0placas junto con un ingeniero de aplicaci\u00f3n. Un representante se pondr\u00e1 en contacto para confirmar el d\u00eda y horario de la reuni\u00f3n.<\/p>\n\r\n\t\t\t<\/div> <!-- .et_pb_blurb_content -->\r\n\t\t<\/div> <!-- .et_pb_blurb -->\r\n\t\t<\/div> <!-- .et_pb_column --><div class=\"et_pb_column et_pb_column_1_3\">\r\n\t\t\t<div class=\"et_pb_blurb et_pb_bg_layout_light et_pb_text_align_left et_pb_blurb_position_left\">\r\n\t\t\t<div class=\"et_pb_blurb_content\">\r\n\t\t\t\t<div class=\"et_pb_main_blurb_image\"><img decoding=\"async\" src=\"http:\/\/mcelectronics.com.ar\/site\/wp-content\/uploads\/2014\/03\/chat_80px.png\" alt=\"\" class=\"et-waypoint et_pb_animation_off\" \/><\/div>\r\n\t\t\t\t<h4>Estamos en contacto<\/h4>\r\n\t\t\t\t\n<p>Tu opini\u00f3n nos permite mejorar nuestros productos y nuestra atenci\u00f3n. No dudes en escribirnos por consultas o sugerencias utilizando el formulario de contacto.<\/p>\n\r\n\t\t\t<\/div> <!-- .et_pb_blurb_content -->\r\n\t\t<\/div> <!-- .et_pb_blurb -->\r\n\t\t<\/div> <!-- .et_pb_column -->\r\n\t\t<\/div> <!-- .et_pb_row -->\r\n\t\t\t\r\n\t\t<\/div> <!-- .et_pb_section --><\/p>\n","protected":false},"excerpt":{"rendered":"","protected":false},"author":2,"featured_media":0,"parent":0,"menu_order":0,"comment_status":"open","ping_status":"open","template":"","meta":{"footnotes":""},"class_list":["post-94","page","type-page","status-publish","hentry"],"_links":{"self":[{"href":"http:\/\/mcelectronics.com.ar\/site\/wp-json\/wp\/v2\/pages\/94","targetHints":{"allow":["GET"]}}],"collection":[{"href":"http:\/\/mcelectronics.com.ar\/site\/wp-json\/wp\/v2\/pages"}],"about":[{"href":"http:\/\/mcelectronics.com.ar\/site\/wp-json\/wp\/v2\/types\/page"}],"author":[{"embeddable":true,"href":"http:\/\/mcelectronics.com.ar\/site\/wp-json\/wp\/v2\/users\/2"}],"replies":[{"embeddable":true,"href":"http:\/\/mcelectronics.com.ar\/site\/wp-json\/wp\/v2\/comments?post=94"}],"version-history":[{"count":77,"href":"http:\/\/mcelectronics.com.ar\/site\/wp-json\/wp\/v2\/pages\/94\/revisions"}],"predecessor-version":[{"id":7269,"href":"http:\/\/mcelectronics.com.ar\/site\/wp-json\/wp\/v2\/pages\/94\/revisions\/7269"}],"wp:attachment":[{"href":"http:\/\/mcelectronics.com.ar\/site\/wp-json\/wp\/v2\/media?parent=94"}],"curies":[{"name":"wp","href":"https:\/\/api.w.org\/{rel}","templated":true}]}}