{"id":4254,"date":"2016-04-20T09:51:06","date_gmt":"2016-04-20T12:51:06","guid":{"rendered":"http:\/\/mcelectronics.com.ar\/site\/?page_id=4254"},"modified":"2017-04-18T14:00:32","modified_gmt":"2017-04-18T17:00:32","slug":"diseno-de-hardware-para-android","status":"publish","type":"page","link":"http:\/\/mcelectronics.com.ar\/site\/diseno-de-hardware-para-android\/","title":{"rendered":"Dise\u00f1o de Hardware para Android"},"content":{"rendered":"<p><div class=\"et_pb_section et_pb_fullwidth_section et_section_regular\">\r\n\t\t\t\r\n\t\t\t\r\n\t\t\t\t\r\n\t\t\t\t<div class=\"et_pb_slider et_pb_slider_parallax\">\r\n\t\t\t<div class=\"et_pb_slides\">\r\n\t\t\t\t<div class=\"et_pb_slide et_pb_bg_layout_dark et_pb_media_alignment_center\" style='background-color:#ffffff;'>\r\n\t\t\t<div class=\"et_parallax_bg et_pb_parallax_css\" style=\"background-image: url(http:\/\/mcelectronics.com.ar\/site\/wp-content\/uploads\/2016\/04\/Fotolia_107947608_Subscription_Monthly_M.jpg);\"><\/div>\r\n\t\t\t<div class=\"et_pb_container clearfix\">\r\n\t\t\t\t\r\n\t\t\t\t<div class=\"et_pb_slide_description\">\r\n\t\t\t\t\t<h2>Dise\u00f1o de Hardware para Android<\/h2>\r\n\t\t\t\t\t<div class=\"et_pb_slide_content\">\n<p><strong>Dise\u00f1o + Electr\u00f3nica:<\/strong> aprenda a dise\u00f1ar hardware compatible con dispositivos m\u00f3viles Android. Auriculares, dock stations, teclados, tags y diferentes sensores utilizando streaming de audio por Bluetooth, iBeacon, comunicaciones USB, WI-FI y Bluetooth LE.<\/p>\n<p>&nbsp;<\/p>\n<\/div>\r\n\t\t\t\t\t\r\n\t\t\t\t<\/div> <!-- .et_pb_slide_description -->\r\n\t\t\t<\/div> <!-- .et_pb_container -->\r\n\t\t\t\r\n\t\t<\/div> <!-- .et_pb_slide -->\r\n\t\t\r\n\t\t\t<\/div> <!-- .et_pb_slides -->\r\n\t\t<\/div> <!-- .et_pb_slider -->\r\n\t\t\r\n\t\t\t\r\n\t\t<\/div> <!-- .et_pb_section --><div class=\"et_pb_section et_section_regular\">\r\n\t\t\t\r\n\t\t\t\r\n\t\t\t\t\r\n\t\t\t\t<div class=\"et_pb_row\">\r\n\t\t\t<div class=\"et_pb_column et_pb_column_1_3\">\r\n\t\t\t<div class=\"et_pb_blurb et_pb_bg_layout_light et_pb_text_align_left et_pb_blurb_position_left\">\r\n\t\t\t<div class=\"et_pb_blurb_content\">\r\n\t\t\t\t<div class=\"et_pb_main_blurb_image\"><span class=\"et-pb-icon et-waypoint et_pb_animation_off\" style=\"color: #8c8c8c;\">w<\/span><\/div>\r\n\t\t\t\t<h4>Hable con los profesores<\/h4>\r\n\t\t\t\t\n<p><span style=\"color: #999999;\">Durante las clases on-line puede levantar la mano y hacer preguntas por micr\u00f3fono como si fuera un curso presencial.<br \/>\n<\/span><\/p>\n\r\n\t\t\t<\/div> <!-- .et_pb_blurb_content -->\r\n\t\t<\/div> <!-- .et_pb_blurb -->\r\n\t\t<\/div> <!-- .et_pb_column --><div class=\"et_pb_column et_pb_column_1_3\">\r\n\t\t\t<div class=\"et_pb_blurb et_pb_bg_layout_light et_pb_text_align_left et_pb_blurb_position_left\">\r\n\t\t\t<div class=\"et_pb_blurb_content\">\r\n\t\t\t\t<div class=\"et_pb_main_blurb_image\"><span class=\"et-pb-icon et-waypoint et_pb_animation_off\" style=\"color: #8c8c8c;\">\ue016<\/span><\/div>\r\n\t\t\t\t<h4>Material adicional<\/h4>\r\n\t\t\t\t\n<p><span style=\"color: #999999;\">Los alumnos del curso reciben ejercicios para realizar durante las clases. Adem\u00e1s, c\u00f3digo de ejemplo para utiliar en sus proyectos.<br \/>\n<\/span><\/p>\n\r\n\t\t\t<\/div> <!-- .et_pb_blurb_content -->\r\n\t\t<\/div> <!-- .et_pb_blurb -->\r\n\t\t<\/div> <!-- .et_pb_column --><div class=\"et_pb_column et_pb_column_1_3\">\r\n\t\t\t<div class=\"et_pb_blurb et_pb_bg_layout_light et_pb_text_align_left et_pb_blurb_position_left\">\r\n\t\t\t<div class=\"et_pb_blurb_content\">\r\n\t\t\t\t<div class=\"et_pb_main_blurb_image\"><span class=\"et-pb-icon et-waypoint et_pb_animation_off\" style=\"color: #8c8c8c;\">\ue004<\/span><\/div>\r\n\t\t\t\t<h4>Descargue las clases<\/h4>\r\n\t\t\t\t\n<p><span style=\"color: #999999;\">Las clases en VIVO se graban para que pueda verlas o repasarlas luego del curso. Generalmente se sube el material el mismo dia de la clase.<br \/>\n<\/span><\/p>\n\r\n\t\t\t<\/div> <!-- .et_pb_blurb_content -->\r\n\t\t<\/div> <!-- .et_pb_blurb -->\r\n\t\t<\/div> <!-- .et_pb_column -->\r\n\t\t<\/div> <!-- .et_pb_row --><div class=\"et_pb_row\">\r\n\t\t\t<div class=\"et_pb_column et_pb_column_4_4\">\r\n\t\t\t<hr class=\"et_pb_space et_pb_divider\" style='border-color: #e8e8e8;height:20px;' \/>\r\n\t\t<\/div> <!-- .et_pb_column -->\r\n\t\t<\/div> <!-- .et_pb_row --><div class=\"et_pb_row\">\r\n\t\t\t<div class=\"et_pb_column et_pb_column_1_3\">\r\n\t\t\t<img decoding=\"async\" src=\"http:\/\/mcelectronics.com.ar\/site\/wp-content\/uploads\/2016\/01\/Android-logo_tcm86-1232684.png\" alt=\"\" class=\"et-waypoint et_pb_image et_pb_animation_off et_pb_image_sticky\" \/>\r\n\t\t<\/div> <!-- .et_pb_column --><div class=\"et_pb_column et_pb_column_1_3\">\r\n\t\t\t<div class=\"et_pb_text et_pb_bg_layout_light et_pb_text_align_left\">\r\n\t\t\t\n<h2><strong>Dise\u00f1o de Hardware para Android<br \/>\n<\/strong><\/h2>\n<p>Dise\u00f1o + Electr\u00f3nica: aprenda a dise\u00f1ar hardware compatible con dispositivos m\u00f3viles Android. Auriculares, dock stations, teclados, tags y diferentes sensores utilizando streaming de audio por Bluetooth, iBeacon, comunicaciones USB, WI-FI y Bluetooth LE.\u00a0 <span style=\"color: #0099ff;\">El costo incluye acceso a los 6 d\u00edas del curso on-line, gu\u00eda de ejercicios y certificado de asistencia digital.\u00a0<\/span><\/p>\n\r\n\t\t<\/div> <!-- .et_pb_text -->\r\n\t\t<\/div> <!-- .et_pb_column --><div class=\"et_pb_column et_pb_column_1_3\">\r\n\t\t\t<div class=\"et_pb_text et_pb_bg_layout_light et_pb_text_align_left\">\r\n\t\t\t<p class=\"product woocommerce add_to_cart_inline \" style=\"border:4px solid #ccc; padding: 12px;\"><del aria-hidden=\"true\"><span class=\"woocommerce-Price-amount amount\"><span class=\"woocommerce-Price-currencySymbol\">USD<\/span>&nbsp;190,00<\/span><\/del> <span class=\"screen-reader-text\">El precio original era: USD&nbsp;190,00.<\/span><ins aria-hidden=\"true\"><span class=\"woocommerce-Price-amount amount\"><span class=\"woocommerce-Price-currencySymbol\">USD<\/span>&nbsp;129,00<\/span><\/ins><span class=\"screen-reader-text\">El precio actual es: USD&nbsp;129,00.<\/span> <small class=\"woocommerce-price-suffix\">+IVA<\/small><a href=\"\/site\/wp-json\/wp\/v2\/pages\/4254?add-to-cart=4307\" aria-describedby=\"woocommerce_loop_add_to_cart_link_describedby_4307\" data-quantity=\"1\" class=\"button product_type_simple add_to_cart_button ajax_add_to_cart\" data-product_id=\"4307\" data-product_sku=\"\" aria-label=\"A\u00f1adir al carrito: &ldquo;Dise\u00f1o de Hardware para Android&rdquo;\" rel=\"nofollow\" data-success_message=\"\u00abDise\u00f1o de Hardware para Android\u00bb se ha a\u00f1adido a tu carrito\" role=\"button\">A\u00f1adir al carrito<\/a>\t<span id=\"woocommerce_loop_add_to_cart_link_describedby_4307\" class=\"screen-reader-text\">\n\t\t\t<\/span>\n<\/p>\r\n\t\t<\/div> <!-- .et_pb_text --><div class=\"et_pb_blurb et_pb_bg_layout_light et_pb_text_align_center et_pb_blurb_position_left\">\r\n\t\t\t<div class=\"et_pb_blurb_content\">\r\n\t\t\t\t<div class=\"et_pb_main_blurb_image\"><span class=\"et-pb-icon et-waypoint et_pb_animation_off\" style=\"color: #777777;\">\ue023<\/span><\/div>\r\n\t\t\t\t<h4>Pr\u00f3ximamente<\/h4>\r\n\t\t\t\t\n<div>Valores y fecha a confirmar para la segunta mitad de 2017.<\/div>\n\r\n\t\t\t<\/div> <!-- .et_pb_blurb_content -->\r\n\t\t<\/div> <!-- .et_pb_blurb -->\r\n\t\t<\/div> <!-- .et_pb_column -->\r\n\t\t<\/div> <!-- .et_pb_row --><div class=\"et_pb_row\">\r\n\t\t\t<div class=\"et_pb_column et_pb_column_4_4\">\r\n\t\t\t<hr class=\"et_pb_space et_pb_divider\" style='border-color: #e8e8e8;height:20px;' \/>\r\n\t\t<\/div> <!-- .et_pb_column -->\r\n\t\t<\/div> <!-- .et_pb_row --><div class=\"et_pb_row\">\r\n\t\t\t<div class=\"et_pb_column et_pb_column_2_3\">\r\n\t\t\t<img decoding=\"async\" src=\"http:\/\/mcelectronics.com.ar\/site\/wp-content\/uploads\/2016\/04\/Bang-Olufsen-BeoPlay-A9-Speakers-1.jpg\" alt=\"\" class=\"et-waypoint et_pb_image et_pb_animation_left\" \/>\r\n\t\t<\/div> <!-- .et_pb_column --><div class=\"et_pb_column et_pb_column_1_3\">\r\n\t\t\t<div class=\"et_pb_text et_pb_bg_layout_light et_pb_text_align_left\">\r\n\t\t\t\n<h2><span style=\"color: #0099ff;\"><span style=\"color: #333333;\"><span style=\"color: #0099ff;\">DISE\u00d1O DE HARDWARE COMPATIBLE CON ANDROID.<\/span> CON EL CURSO ON-LINE RECIBE UNA GU\u00cdA DE EJERCICIOS EN PDF. LAS CLASES SON EN VIVO CON UN INGENIERO ELECTR\u00d3NICO Y UN EXPERTO EN PROGRAMACI\u00d3N. <\/span><\/span><\/h2>\n<p>&nbsp;<\/p>\n<h2><span style=\"color: #808080;\"><span style=\"color: #333333;\"><span style=\"color: #808080;\">SE ENTREGA CERTIFICADO UNA VEZ COMPLETADO EL CURSO.<\/span><\/span><b><br \/>\n<\/b><\/span><\/h2>\n\r\n\t\t<\/div> <!-- .et_pb_text -->\r\n\t\t<\/div> <!-- .et_pb_column -->\r\n\t\t<\/div> <!-- .et_pb_row --><div class=\"et_pb_row\">\r\n\t\t\t<div class=\"et_pb_column et_pb_column_4_4\">\r\n\t\t\t<hr class=\"et_pb_space et_pb_divider\" style='border-color: #e8e8e8;height:20px;' \/>\r\n\t\t<\/div> <!-- .et_pb_column -->\r\n\t\t<\/div> <!-- .et_pb_row --><div class=\"et_pb_row\">\r\n\t\t\t<div class=\"et_pb_column et_pb_column_1_2\">\r\n\t\t\t<div class=\"et_pb_text et_pb_bg_layout_light et_pb_text_align_left\">\r\n\t\t\t\n<h2>CLASE 1<\/h2>\n<h3><span style=\"color: #0099ff;\">STREAMING DE AUDIO A TRAV\u00c9S DE BLUETOOTH<br \/>\n<\/span><\/h3>\n<p>Estudiaremos los requerimientos de hardware necesarios para realizar streaming de audio utilizando el m\u00f3dulo RN-52 de Microchip. Consideraciones y t\u00e9cnicas de montaje para dise\u00f1ar auriculares y parlantes bluetooth. An\u00e1lisis de sonido seg\u00fan amplificadores de referencia. Dise\u00f1o completo listo para implementar.<\/p>\n\r\n\t\t<\/div> <!-- .et_pb_text --><div class=\"et_pb_text et_pb_bg_layout_light et_pb_text_align_left\">\r\n\t\t\t\n<h2>CLASE 2<\/h2>\n<h3><span style=\"color: #0099ff;\">CONECTIVIDAD IBEACON Y BLUETOOTH SMART<br \/>\n<\/span><\/h3>\n<p>Aprenda a crear aplicaciones que utilizan la funcionalidad iBeacon en los puntos de venta. Discutiremos la aplicaci\u00f3n del m\u00f3dulo RN4020 de Microchip para comunicaciones Bluetooth Smart.<\/p>\n\r\n\t\t<\/div> <!-- .et_pb_text --><div class=\"et_pb_text et_pb_bg_layout_light et_pb_text_align_left\">\r\n\t\t\t\n<h2>CLASE 3<\/h2>\n<h3><span style=\"color: #0099ff;\">INTERACTUANDO CON LA INTERFAZ<br \/>\n<\/span><\/h3>\n<p>Realice el dise\u00f1o de la interfaz en su dispositivo m\u00f3vil para interactuar con los m\u00f3dulos bluetooth de Microchip. Se utilizar\u00e1 el Android Studio.<\/p>\n\r\n\t\t<\/div> <!-- .et_pb_text -->\r\n\t\t<\/div> <!-- .et_pb_column --><div class=\"et_pb_column et_pb_column_1_2\">\r\n\t\t\t<div class=\"et_pb_text et_pb_bg_layout_light et_pb_text_align_left\">\r\n\t\t\t\n<h2>CLASE 4<strong><br \/>\n<\/strong><\/h2>\n<h3><span style=\"color: #0099ff;\">SENSORES DEL DISPOSITIVO<br \/>\n<\/span><\/h3>\n<p>Utilice la informaci\u00f3n proveniente de los sensores del dispositivo como el gir\u00f3scopo, el magnet\u00f3metro y el aceler\u00f3metro para controlar otros eventos. Ejemplo de control de un robot bluetooth mediante el movimiento del celular.<\/p>\n\r\n\t\t<\/div> <!-- .et_pb_text --><div class=\"et_pb_text et_pb_bg_layout_light et_pb_text_align_left\">\r\n\t\t\t\n<h2>CLASE 5<strong><br \/>\n<\/strong><\/h2>\n<h3><span style=\"color: #0099ff;\">CONECTIVIDAD WI-FI PARA IOT<br \/>\n<\/span><\/h3>\n<p>Conectividad WI-FI mediante el m\u00f3dulo RN-171 de Microchip. Dise\u00f1o e implementaci\u00f3n de un sistema completo que permita medir la temperatura, enviarla por WI-FI y mostrarla en la pantalla del celular. An\u00e1lisis del hardware y recomendaciones de armado.<\/p>\n\r\n\t\t<\/div> <!-- .et_pb_text --><div class=\"et_pb_text et_pb_bg_layout_light et_pb_text_align_left\">\r\n\t\t\t\n<h2>CLASE 6<strong><br \/>\n<\/strong><\/h2>\n<h3><span style=\"color: #0099ff;\">APLICACIONES Y PROYECTO INTEGRADOR<br \/>\n<\/span><\/h3>\n<p>Se completa el proyecto de la clase anterior y se responden dudas generales de todo el curso. Se propone un proyecto integrador final.\u00a0 Compilaci\u00f3n y publicaci\u00f3n en el GooglePlay Store.<\/p>\n\r\n\t\t<\/div> <!-- .et_pb_text -->\r\n\t\t<\/div> <!-- .et_pb_column -->\r\n\t\t<\/div> <!-- .et_pb_row --><div class=\"et_pb_row\">\r\n\t\t\t<div class=\"et_pb_column et_pb_column_4_4\">\r\n\t\t\t<hr class=\"et_pb_space et_pb_divider\" style='border-color: #e8e8e8;height:20px;' \/>\r\n\t\t<\/div> <!-- .et_pb_column -->\r\n\t\t<\/div> <!-- .et_pb_row --><div class=\"et_pb_row\">\r\n\t\t\t<div class=\"et_pb_column et_pb_column_4_4\">\r\n\t\t\t<img decoding=\"async\" src=\"http:\/\/mcelectronics.com.ar\/site\/wp-content\/uploads\/2016\/04\/Capture-2.png\" alt=\"\" class=\"et-waypoint et_pb_image et_pb_animation_left et_pb_image_sticky\" \/>\r\n\t\t<\/div> <!-- .et_pb_column -->\r\n\t\t<\/div> <!-- .et_pb_row -->\r\n\t\t\t\r\n\t\t<\/div> <!-- .et_pb_section --><div class=\"et_pb_section et_section_regular\" style='background-color:#f2f2f2;'>\r\n\t\t\t\r\n\t\t\t\r\n\t\t\t\t\r\n\t\t\t\t<div class=\"et_pb_row\">\r\n\t\t\t<div class=\"et_pb_column et_pb_column_4_4\">\r\n\t\t\t<div class=\"et_pb_text et_pb_bg_layout_light et_pb_text_align_left\">\r\n\t\t\t<iframe loading=\"lazy\" src=\"https:\/\/player.vimeo.com\/video\/142893825\" width=\"640\" height=\"360\" frameborder=\"0\" allowfullscreen=\"allowfullscreen\"><\/iframe>\r\n\t\t<\/div> <!-- .et_pb_text -->\r\n\t\t<\/div> <!-- .et_pb_column -->\r\n\t\t<\/div> <!-- .et_pb_row --><div class=\"et_pb_row\">\r\n\t\t\t<div class=\"et_pb_column et_pb_column_1_3\">\r\n\t\t\t<div class=\"et_pb_text et_pb_bg_layout_light et_pb_text_align_left\">\r\n\t\t\t\n<h2><span style=\"color: #0099ff;\">Dise\u00f1o de Hardware compatible con Android.<strong><br \/>\n<\/strong><\/span><\/h2>\n<p><span style=\"color: #0099ff;\"><strong>\u2014<\/strong><\/span><\/p>\n\r\n\t\t<\/div> <!-- .et_pb_text -->\r\n\t\t<\/div> <!-- .et_pb_column --><div class=\"et_pb_column et_pb_column_1_3\">\r\n\t\t\t<div class=\"et_pb_blurb et_pb_bg_layout_light et_pb_text_align_left et_pb_blurb_position_top\">\r\n\t\t\t<div class=\"et_pb_blurb_content\">\r\n\t\t\t\t\r\n\t\t\t\t<h4>Dise\u00f1o integrado<\/h4>\r\n\t\t\t\t\n<p><span style=\"color: #808080;\">Aprenda a dise\u00f1ar el hardware y el software asociado a dispositivos Bluetooth para comunicaciones de datos y streaming de audio. <\/span><\/p>\n\r\n\t\t\t<\/div> <!-- .et_pb_blurb_content -->\r\n\t\t<\/div> <!-- .et_pb_blurb -->\r\n\t\t<\/div> <!-- .et_pb_column --><div class=\"et_pb_column et_pb_column_1_3\">\r\n\t\t\t<div class=\"et_pb_blurb et_pb_bg_layout_light et_pb_text_align_left et_pb_blurb_position_top\">\r\n\t\t\t<div class=\"et_pb_blurb_content\">\r\n\t\t\t\t\r\n\t\t\t\t<h4>M\u00f3dulos de Microchip<\/h4>\r\n\t\t\t\t\n<p><span style=\"color: #808080;\">En todas las clases usaremos m\u00f3dulos de comunicaciones y microcontroladores de Microchip.<br \/>\n<\/span><\/p>\n\r\n\t\t\t<\/div> <!-- .et_pb_blurb_content -->\r\n\t\t<\/div> <!-- .et_pb_blurb -->\r\n\t\t<\/div> <!-- .et_pb_column -->\r\n\t\t<\/div> <!-- .et_pb_row -->\r\n\t\t\t\r\n\t\t<\/div> <!-- .et_pb_section --><div class=\"et_pb_section et_section_regular\">\r\n\t\t\t\r\n\t\t\t\r\n\t\t\t\t\r\n\t\t\t\t<div class=\"et_pb_row\">\r\n\t\t\t<div class=\"et_pb_column et_pb_column_1_3\">\r\n\t\t\t<img decoding=\"async\" src=\"http:\/\/mcelectronics.com.ar\/site\/wp-content\/uploads\/2016\/04\/best-practices_placa.jpg\" alt=\"\" class=\"et-waypoint et_pb_image et_pb_animation_left\" \/><div class=\"et_pb_text et_pb_bg_layout_light et_pb_text_align_left\">\r\n\t\t\t\n<h2><span style=\"color: #00ccff;\"><strong><span style=\"color: #000000;\">Aplicaciones M2M<br \/>\n<\/span><\/strong><\/span><\/h2>\n<p><strong><span style=\"color: #000000;\">\u2014<\/span><\/strong><\/p>\n\r\n\t\t<\/div> <!-- .et_pb_text --><div class=\"et_pb_text et_pb_bg_layout_light et_pb_text_align_left\">\r\n\t\t\t\n<p style=\"text-align: left;\">Establezca comunicaciones entre su tel\u00e9fono m\u00f3vil y diferentes dispositivos wireless o USB. Para esto vamos a utilizar diferentes placas con m\u00f3dulos de Microchip. No es necesario que el alumno adquiera las placas para realizar las pr\u00e1cticas pero en caso de que decida comprarlas puedo hacerlo con un precio promocional durante el curso. <a href=\"#\"><span style=\"color: #0099ff;\">M\u00e1s informaci\u00f3n<\/span><\/a><\/p>\n\r\n\t\t<\/div> <!-- .et_pb_text -->\r\n\t\t<\/div> <!-- .et_pb_column --><div class=\"et_pb_column et_pb_column_1_3\">\r\n\t\t\t<img decoding=\"async\" src=\"http:\/\/mcelectronics.com.ar\/site\/wp-content\/uploads\/2016\/04\/best-practices.png\" alt=\"\" class=\"et-waypoint et_pb_image et_pb_animation_left\" \/><div class=\"et_pb_text et_pb_bg_layout_light et_pb_text_align_left\">\r\n\t\t\t\n<h2><span style=\"color: #00ccff;\"><strong><span style=\"color: #000000;\">Requisitos<br \/>\n<\/span><\/strong><\/span><\/h2>\n<p><strong><span style=\"color: #000000;\">\u2014<\/span><\/strong><\/p>\n\r\n\t\t<\/div> <!-- .et_pb_text --><div class=\"et_pb_text et_pb_bg_layout_light et_pb_text_align_left\">\r\n\t\t\t\n<p style=\"text-align: left;\">Conocimientos del entorno de desarrollo Android y como crear un proyecto. En caso de no conocer la programaci\u00f3n b\u00e1sica en Android se envian clases niveladoras antes del curso. Dispositivo m\u00f3vil con Android 3.4 o posterior. Tener instalado el IDE de desarrollo <span style=\"color: #0099ff;\"><a style=\"color: #0099ff;\" href=\"http:\/\/developer.android.com\/intl\/es\/sdk\/index.html\">Android Studio<\/a><\/span> compatible con PC, MAC o Linux.<\/p>\n\r\n\t\t<\/div> <!-- .et_pb_text -->\r\n\t\t<\/div> <!-- .et_pb_column --><div class=\"et_pb_column et_pb_column_1_3\">\r\n\t\t\t<img decoding=\"async\" src=\"http:\/\/mcelectronics.com.ar\/site\/wp-content\/uploads\/2016\/04\/best-practices_2x.jpg\" alt=\"\" class=\"et-waypoint et_pb_image et_pb_animation_left\" \/><div class=\"et_pb_text et_pb_bg_layout_light et_pb_text_align_left\">\r\n\t\t\t\n<h2><span style=\"color: #00ccff;\"><strong><span style=\"color: #000000;\">Google Cardboard<br \/>\n<\/span><\/strong><\/span><\/h2>\n<p><strong><span style=\"color: #000000;\">\u2014<\/span><\/strong><\/p>\n\r\n\t\t<\/div> <!-- .et_pb_text --><div class=\"et_pb_text et_pb_bg_layout_light et_pb_text_align_left\">\r\n\t\t\t\n<p style=\"text-align: left;\">Entre todos los participantes del curso sorteamos un par de lentes Google Cardboard y placas de desarrollo de Microchip: <span style=\"color: #0099ff;\"><a style=\"color: #0099ff;\" href=\"https:\/\/www.google.es\/get\/cardboard\/get-cardboard\/\">https:\/\/www.google.es\/get\/cardboard\/get-cardboard\/<\/a><\/span><\/p>\n\r\n\t\t<\/div> <!-- .et_pb_text -->\r\n\t\t<\/div> <!-- .et_pb_column -->\r\n\t\t<\/div> <!-- .et_pb_row -->\r\n\t\t\t\r\n\t\t<\/div> <!-- .et_pb_section --><\/p>\n","protected":false},"excerpt":{"rendered":"","protected":false},"author":2,"featured_media":0,"parent":0,"menu_order":0,"comment_status":"closed","ping_status":"closed","template":"","meta":{"footnotes":""},"class_list":["post-4254","page","type-page","status-publish","hentry"],"_links":{"self":[{"href":"http:\/\/mcelectronics.com.ar\/site\/wp-json\/wp\/v2\/pages\/4254","targetHints":{"allow":["GET"]}}],"collection":[{"href":"http:\/\/mcelectronics.com.ar\/site\/wp-json\/wp\/v2\/pages"}],"about":[{"href":"http:\/\/mcelectronics.com.ar\/site\/wp-json\/wp\/v2\/types\/page"}],"author":[{"embeddable":true,"href":"http:\/\/mcelectronics.com.ar\/site\/wp-json\/wp\/v2\/users\/2"}],"replies":[{"embeddable":true,"href":"http:\/\/mcelectronics.com.ar\/site\/wp-json\/wp\/v2\/comments?post=4254"}],"version-history":[{"count":45,"href":"http:\/\/mcelectronics.com.ar\/site\/wp-json\/wp\/v2\/pages\/4254\/revisions"}],"predecessor-version":[{"id":4262,"href":"http:\/\/mcelectronics.com.ar\/site\/wp-json\/wp\/v2\/pages\/4254\/revisions\/4262"}],"wp:attachment":[{"href":"http:\/\/mcelectronics.com.ar\/site\/wp-json\/wp\/v2\/media?parent=4254"}],"curies":[{"name":"wp","href":"https:\/\/api.w.org\/{rel}","templated":true}]}}