{"id":1832,"date":"2015-01-18T18:39:18","date_gmt":"2015-01-18T21:39:18","guid":{"rendered":"http:\/\/mcelectronics.com.ar\/site\/?page_id=1832"},"modified":"2015-01-19T01:43:27","modified_gmt":"2015-01-19T04:43:27","slug":"coleccion-diseno-con-pic","status":"publish","type":"page","link":"http:\/\/mcelectronics.com.ar\/site\/coleccion-diseno-con-pic\/","title":{"rendered":"Colecci\u00f3n Dise\u00f1o con PIC\u00ae"},"content":{"rendered":"<p><div class=\"et_pb_section et_pb_fullwidth_section et_section_regular\">\r\n\t\t\t\r\n\t\t\t\r\n\t\t\t\t\r\n\t\t\t\t<div class=\"et_pb_slider\">\r\n\t\t\t<div class=\"et_pb_slides\">\r\n\t\t\t\t<div class=\"et_pb_slide et_pb_bg_layout_dark et_pb_media_alignment_center\" style='background-color:#ffffff;background-image:url(http:\/\/mcelectronics.com.ar\/site\/wp-content\/uploads\/2014\/06\/IMG_2782.jpg);'>\r\n\t\t\t\r\n\t\t\t<div class=\"et_pb_container clearfix\">\r\n\t\t\t\t\r\n\t\t\t\t<div class=\"et_pb_slide_description\">\r\n\t\t\t\t\t<h2>Colecci\u00f3n Dise\u00f1o e implementaci\u00f3n de sistemas embebidos con PIC\u00ae<\/h2>\r\n\t\t\t\t\t<div class=\"et_pb_slide_content\">\n<div class=\"et_pb_slide_content\">\n<p>Descubra todo el potencial de los microcontroladores de Microchip en esta colecci\u00f3n imperdible.<\/p>\n<\/div>\n<\/div>\r\n\t\t\t\t\t\r\n\t\t\t\t<\/div> <!-- .et_pb_slide_description -->\r\n\t\t\t<\/div> <!-- .et_pb_container -->\r\n\t\t\t\r\n\t\t<\/div> <!-- .et_pb_slide -->\r\n\t\t\r\n\t\t\t<\/div> <!-- .et_pb_slides -->\r\n\t\t<\/div> <!-- .et_pb_slider -->\r\n\t\t\r\n\t\t\t\r\n\t\t<\/div> <!-- .et_pb_section --><div class=\"et_pb_section et_section_regular\">\r\n\t\t\t\r\n\t\t\t\r\n\t\t\t\t\r\n\t\t\t\t<div class=\"et_pb_row\">\r\n\t\t\t<div class=\"et_pb_column et_pb_column_1_3\">\r\n\t\t\t<img decoding=\"async\" src=\"http:\/\/mcelectronics.com.ar\/site\/wp-content\/uploads\/2015\/01\/Untitled-31.jpg\" alt=\"\" class=\"et-waypoint et_pb_image et_pb_animation_off et_pb_image_sticky\" \/>\r\n\t\t<\/div> <!-- .et_pb_column --><div class=\"et_pb_column et_pb_column_1_3\">\r\n\t\t\t<div class=\"et_pb_text et_pb_bg_layout_light et_pb_text_align_left\">\r\n\t\t\t\n<h2>Colecci\u00f3n Dise\u00f1o e implementaci\u00f3n de sistemas embebidos con PIC\u00ae<strong><br \/>\n<\/strong><\/h2>\n<p>Descubra todo el potencial de los microcontroladores de Microchip en esta colecci\u00f3n imperdible. <span style=\"color: #0099ff;\">Colecci\u00f3n impresa en 2 tomos de 720 paginas en total. Editado en Argentina por mcelectronics.<br \/>\n<\/span><\/p>\n\r\n\t\t<\/div> <!-- .et_pb_text -->\r\n\t\t<\/div> <!-- .et_pb_column --><div class=\"et_pb_column et_pb_column_1_3\">\r\n\t\t\t<div class=\"et_pb_text et_pb_bg_layout_light et_pb_text_align_left\">\r\n\t\t\t<p class=\"product woocommerce add_to_cart_inline \" style=\"border:4px solid #ccc; padding: 12px;\"><span class=\"woocommerce-Price-amount amount\"><span class=\"woocommerce-Price-currencySymbol\">USD<\/span>&nbsp;35,00<\/span> <small class=\"woocommerce-price-suffix\">+IVA<\/small><a href=\"http:\/\/mcelectronics.com.ar\/site\/producto\/coleccion-diseno-con-pic\/\" aria-describedby=\"woocommerce_loop_add_to_cart_link_describedby_195\" data-quantity=\"1\" class=\"button product_type_simple\" data-product_id=\"195\" data-product_sku=\"\" aria-label=\"Lee m\u00e1s sobre &ldquo;Colecci\u00f3n - Dise\u00f1o con PIC&rdquo;\" rel=\"nofollow\" data-success_message=\"\">Leer m\u00e1s<\/a>\t<span id=\"woocommerce_loop_add_to_cart_link_describedby_195\" class=\"screen-reader-text\">\n\t\t\t<\/span>\n<\/p>\r\n\t\t<\/div> <!-- .et_pb_text --><div class=\"et_pb_text et_pb_bg_layout_light et_pb_text_align_left\">\r\n\t\t\t\n<h4>ISBN 978-987-26021-5-4<\/h4>\n\r\n\t\t<\/div> <!-- .et_pb_text -->\r\n\t\t<\/div> <!-- .et_pb_column -->\r\n\t\t<\/div> <!-- .et_pb_row --><div class=\"et_pb_row\">\r\n\t\t\t<div class=\"et_pb_column et_pb_column_4_4\">\r\n\t\t\t<hr class=\"et_pb_space et_pb_divider\" style='border-color: #e8e8e8;height:20px;' \/>\r\n\t\t<\/div> <!-- .et_pb_column -->\r\n\t\t<\/div> <!-- .et_pb_row --><div class=\"et_pb_row\">\r\n\t\t\t<div class=\"et_pb_column et_pb_column_2_3\">\r\n\t\t\t<div class=\"et_pb_text et_pb_bg_layout_light et_pb_text_align_left\">\r\n\t\t\t\n<div class=\"issuuembed\" style=\"width: 600px; height: 395px;\" data-configid=\"1168158\/11008734\"><\/div>\n<p><script src=\"\/\/e.issuu.com\/embed.js\" async=\"true\" type=\"text\/javascript\"><\/script>\r\n\t\t<\/div> <!-- .et_pb_text -->\r\n\t\t<\/div> <!-- .et_pb_column --><div class=\"et_pb_column et_pb_column_1_3\">\r\n\t\t\t<div class=\"et_pb_text et_pb_bg_layout_light et_pb_text_align_left\">\r\n\t\t\t\n<h2><span style=\"color: #808080;\"><span style=\"color: #333333;\"><span style=\"color: #0099ff;\">DISE\u00d1AMOS ESTA COLECCI\u00d3N HACIENDO FOCO EN LA EXPERIENCIA DEL LECTOR.<\/span> DESCUBRA TODO EL POTENCIAL DE LOS DISPOSITIVOS DE MICROCHIP EN ESTA COLECCI\u00d3N IMPERDIBLE. CAP\u00cdTULOS DE PIC\u00ae, DSPIC\u00ae Y PIC32\u00ae.<br \/>\n<\/span><\/span><\/h2>\n<p>&nbsp;<\/p>\n<h2><span style=\"color: #808080;\">VEA DESDE AQUI EL INDICE Y UN CAP\u00cdTULO GRATIS !<b><br \/>\n<\/b><\/span><\/h2>\n\r\n\t\t<\/div> <!-- .et_pb_text -->\r\n\t\t<\/div> <!-- .et_pb_column -->\r\n\t\t<\/div> <!-- .et_pb_row --><div class=\"et_pb_row\">\r\n\t\t\t<div class=\"et_pb_column et_pb_column_4_4\">\r\n\t\t\t<hr class=\"et_pb_space et_pb_divider\" style='border-color: #e8e8e8;height:20px;' \/>\r\n\t\t<\/div> <!-- .et_pb_column -->\r\n\t\t<\/div> <!-- .et_pb_row --><div class=\"et_pb_row\">\r\n\t\t\t<div class=\"et_pb_column et_pb_column_1_2\">\r\n\t\t\t<div class=\"et_pb_text et_pb_bg_layout_light et_pb_text_align_left\">\r\n\t\t\t\n<h2>TOMO I<\/h2>\n<h3><span style=\"color: #0099ff;\">INTRODUCCI\u00d3N Y APLICACIONES BASICAS<br \/>\n<\/span><\/h3>\n<p>El Tomo I de la colecci\u00f3n incluye cap\u00edtulos de control inteligente de LEDs y Aplicaciones completas con Arduino. Aprenda a controlar LEDs de alta potencia con las herramientas de Microchip, adem\u00e1s t\u00e9cnicas de dimerizado y consumo eficiente de energ\u00eda. El Tomo I adem\u00e1s incluye cap\u00edtulos de introducci\u00f3n a la programaci\u00f3n en C con los compiladores de Microchip, comunicaciones WI-FI y Bluetooth y telemetr\u00eda a trav\u00e9s de GSM\/GPS.<\/p>\n\r\n\t\t<\/div> <!-- .et_pb_text -->\r\n\t\t<\/div> <!-- .et_pb_column --><div class=\"et_pb_column et_pb_column_1_2\">\r\n\t\t\t<div class=\"et_pb_text et_pb_bg_layout_light et_pb_text_align_left\">\r\n\t\t\t\n<h2>TOMO II<\/h2>\n<h3><span style=\"color: #0099ff;\">APLICACIONES AVANZADAS Y SISTEMAS DE CONTROL<br \/>\n<\/span><\/h3>\n<p>El Tomo II, desarrolla aplicaciones avanzadas como rob\u00f3tica, medici\u00f3n de energ\u00eda, control discreto con lazos PID, dise\u00f1o de filtros con dsPIC\u00ae y ap\u00e9ndices de LabView\u2122 y Cloud Computing con PIC32\u00ae.<\/p>\n\r\n\t\t<\/div> <!-- .et_pb_text -->\r\n\t\t<\/div> <!-- .et_pb_column -->\r\n\t\t<\/div> <!-- .et_pb_row -->\r\n\t\t\t\r\n\t\t<\/div> <!-- .et_pb_section --><div class=\"et_pb_section et_pb_fullwidth_section et_section_regular\">\r\n\t\t\t\r\n\t\t\t\r\n\t\t\t\t\r\n\t\t\t\t<div class=\"et_pb_fullwidth_portfolio et_pb_fullwidth_portfolio_carousel et_pb_bg_layout_dark\" data-auto-rotate=\"off\" data-auto-rotate-speed=\"7000\">\r\n\t\t\t\r\n\t\t\t<div class=\"et_pb_portfolio_items clearfix\" data-columns=\"\">\r\n\t\t\t\t\t\t\t<div id=\"post-1911\" class=\"et_pb_portfolio_item  post-1911 project type-project status-publish has-post-thumbnail hentry project_category-disep\">\r\n\t\t\t\t\t\t\t\t<div class=\"et_pb_portfolio_image landscape\">\r\n\t\t\t\t\t\t<a href=\"http:\/\/mcelectronics.com.ar\/site\/project\/merienda-11\/\">\r\n\t\t\t\t\t\t\t<img decoding=\"async\" src=\"http:\/\/mcelectronics.com.ar\/site\/wp-content\/uploads\/2015\/01\/8164aRJt7vL.jpg\" alt=\"@merienda\"\/>\r\n\t\t\t\t\t\t\t<div class=\"meta\">\r\n\t\t\t\t\t\t\t\t<span class=\"et_overlay\"><\/span>\r\n\r\n\t\t\t\t\t\t\t\t\t\t\t\t\t\t\t\t\t<h3>@merienda<\/h3>\r\n\t\t\t\t\t\t\t\t\r\n\t\t\t\t\t\t\t\t\t\t\t\t\t\t\t<\/div>\r\n\t\t\t\t\t\t<\/a>\r\n\t\t\t\t\t<\/div>\r\n\t\t\t\t\t\t<\/div>\r\n\t\t\t\t\t\t<div id=\"post-1909\" class=\"et_pb_portfolio_item  post-1909 project type-project status-publish has-post-thumbnail hentry project_category-disep\">\r\n\t\t\t\t\t\t\t\t<div class=\"et_pb_portfolio_image landscape\">\r\n\t\t\t\t\t\t<a href=\"http:\/\/mcelectronics.com.ar\/site\/project\/merienda-10\/\">\r\n\t\t\t\t\t\t\t<img decoding=\"async\" src=\"http:\/\/mcelectronics.com.ar\/site\/wp-content\/uploads\/2015\/01\/91xOMPSJ-YL.jpg\" alt=\"@merienda\"\/>\r\n\t\t\t\t\t\t\t<div class=\"meta\">\r\n\t\t\t\t\t\t\t\t<span class=\"et_overlay\"><\/span>\r\n\r\n\t\t\t\t\t\t\t\t\t\t\t\t\t\t\t\t\t<h3>@merienda<\/h3>\r\n\t\t\t\t\t\t\t\t\r\n\t\t\t\t\t\t\t\t\t\t\t\t\t\t\t<\/div>\r\n\t\t\t\t\t\t<\/a>\r\n\t\t\t\t\t<\/div>\r\n\t\t\t\t\t\t<\/div>\r\n\t\t\t\t\t\t<div id=\"post-1906\" class=\"et_pb_portfolio_item  post-1906 project type-project status-publish has-post-thumbnail hentry project_category-disep\">\r\n\t\t\t\t\t\t\t\t<div class=\"et_pb_portfolio_image landscape\">\r\n\t\t\t\t\t\t<a href=\"http:\/\/mcelectronics.com.ar\/site\/project\/merienda-9\/\">\r\n\t\t\t\t\t\t\t<img decoding=\"async\" src=\"http:\/\/mcelectronics.com.ar\/site\/wp-content\/uploads\/2015\/01\/81R87j5QhtL.jpg\" alt=\"@merienda\"\/>\r\n\t\t\t\t\t\t\t<div class=\"meta\">\r\n\t\t\t\t\t\t\t\t<span class=\"et_overlay\"><\/span>\r\n\r\n\t\t\t\t\t\t\t\t\t\t\t\t\t\t\t\t\t<h3>@merienda<\/h3>\r\n\t\t\t\t\t\t\t\t\r\n\t\t\t\t\t\t\t\t\t\t\t\t\t\t\t<\/div>\r\n\t\t\t\t\t\t<\/a>\r\n\t\t\t\t\t<\/div>\r\n\t\t\t\t\t\t<\/div>\r\n\t\t\t\t\t\t<div id=\"post-1904\" class=\"et_pb_portfolio_item  post-1904 project type-project status-publish has-post-thumbnail hentry project_category-disep\">\r\n\t\t\t\t\t\t\t\t<div class=\"et_pb_portfolio_image landscape\">\r\n\t\t\t\t\t\t<a href=\"http:\/\/mcelectronics.com.ar\/site\/project\/merienda-8\/\">\r\n\t\t\t\t\t\t\t<img decoding=\"async\" src=\"http:\/\/mcelectronics.com.ar\/site\/wp-content\/uploads\/2015\/01\/81QxXfVZvVL.jpg\" alt=\"@merienda\"\/>\r\n\t\t\t\t\t\t\t<div class=\"meta\">\r\n\t\t\t\t\t\t\t\t<span class=\"et_overlay\"><\/span>\r\n\r\n\t\t\t\t\t\t\t\t\t\t\t\t\t\t\t\t\t<h3>@merienda<\/h3>\r\n\t\t\t\t\t\t\t\t\r\n\t\t\t\t\t\t\t\t\t\t\t\t\t\t\t<\/div>\r\n\t\t\t\t\t\t<\/a>\r\n\t\t\t\t\t<\/div>\r\n\t\t\t\t\t\t<\/div>\r\n\t\t\t\t\t\t<div id=\"post-1896\" class=\"et_pb_portfolio_item  post-1896 project type-project status-publish has-post-thumbnail hentry project_category-disep\">\r\n\t\t\t\t\t\t\t\t<div class=\"et_pb_portfolio_image landscape\">\r\n\t\t\t\t\t\t<a href=\"http:\/\/mcelectronics.com.ar\/site\/project\/merienda-7\/\">\r\n\t\t\t\t\t\t\t<img decoding=\"async\" src=\"http:\/\/mcelectronics.com.ar\/site\/wp-content\/uploads\/2015\/01\/81BFMCAhrzL.jpg\" alt=\"@merienda\"\/>\r\n\t\t\t\t\t\t\t<div class=\"meta\">\r\n\t\t\t\t\t\t\t\t<span class=\"et_overlay\"><\/span>\r\n\r\n\t\t\t\t\t\t\t\t\t\t\t\t\t\t\t\t\t<h3>@merienda<\/h3>\r\n\t\t\t\t\t\t\t\t\r\n\t\t\t\t\t\t\t\t\t\t\t\t\t\t\t<\/div>\r\n\t\t\t\t\t\t<\/a>\r\n\t\t\t\t\t<\/div>\r\n\t\t\t\t\t\t<\/div>\r\n\t\t\t\r\n\t\t\t<\/div><!-- .et_pb_portfolio_items -->\r\n\t\t<\/div> <!-- .et_pb_fullwidth_portfolio -->\r\n\t\t\t\r\n\t\t<\/div> <!-- .et_pb_section --><\/p>\n","protected":false},"excerpt":{"rendered":"","protected":false},"author":2,"featured_media":0,"parent":0,"menu_order":0,"comment_status":"open","ping_status":"open","template":"","meta":{"footnotes":""},"class_list":["post-1832","page","type-page","status-publish","hentry"],"_links":{"self":[{"href":"http:\/\/mcelectronics.com.ar\/site\/wp-json\/wp\/v2\/pages\/1832","targetHints":{"allow":["GET"]}}],"collection":[{"href":"http:\/\/mcelectronics.com.ar\/site\/wp-json\/wp\/v2\/pages"}],"about":[{"href":"http:\/\/mcelectronics.com.ar\/site\/wp-json\/wp\/v2\/types\/page"}],"author":[{"embeddable":true,"href":"http:\/\/mcelectronics.com.ar\/site\/wp-json\/wp\/v2\/users\/2"}],"replies":[{"embeddable":true,"href":"http:\/\/mcelectronics.com.ar\/site\/wp-json\/wp\/v2\/comments?post=1832"}],"version-history":[{"count":13,"href":"http:\/\/mcelectronics.com.ar\/site\/wp-json\/wp\/v2\/pages\/1832\/revisions"}],"predecessor-version":[{"id":1914,"href":"http:\/\/mcelectronics.com.ar\/site\/wp-json\/wp\/v2\/pages\/1832\/revisions\/1914"}],"wp:attachment":[{"href":"http:\/\/mcelectronics.com.ar\/site\/wp-json\/wp\/v2\/media?parent=1832"}],"curies":[{"name":"wp","href":"https:\/\/api.w.org\/{rel}","templated":true}]}}