{"id":135,"date":"2014-03-04T16:33:58","date_gmt":"2014-03-04T19:33:58","guid":{"rendered":"http:\/\/mcelectronics.com.ar\/site\/?page_id=135"},"modified":"2021-06-06T20:56:31","modified_gmt":"2021-06-06T23:56:31","slug":"inicio","status":"publish","type":"page","link":"http:\/\/mcelectronics.com.ar\/site\/","title":{"rendered":"Inicio"},"content":{"rendered":"<p><div class=\"et_pb_section et_pb_fullwidth_section home-landing-section et_section_regular\" style='background-color:#ffffff;'>\r\n\t\t\t\r\n\t\t\t\r\n\t\t\t\t\r\n\t\t\t\t<div class=\"et_pb_slider et_pb_slider_parallax et_slider_auto et_slider_speed_6000\">\r\n\t\t\t<div class=\"et_pb_slides\">\r\n\t\t\t\t<div class=\"et_pb_slide et_pb_bg_layout_dark et_pb_media_alignment_center\" style='background-color:#ffffff;'>\r\n\t\t\t<div class=\"et_parallax_bg\" style=\"background-image: url(https:\/\/electroners.com\/wp-content\/uploads\/2019\/05\/AdobeStock_264619095-scaled.jpeg);\"><\/div>\r\n\t\t\t<div class=\"et_pb_container clearfix\">\r\n\t\t\t\t\r\n\t\t\t\t<div class=\"et_pb_slide_description\">\r\n\t\t\t\t\t<h2><a href=\"https:\/\/electroners.com\/mucho-mas-que-la-proxima-evolucion-de-una-red-celular-5g-habilitara-un-mundo-de-oportunidades-tecnologicas\/?wmc-currency=ARS\">Desarrollamos Aplicaciones de IoT con 5G, NB-IoT, WI-FI, LoRaWAN y Bluetooth para m\u00faltiples industrias.<\/a><\/h2>\r\n\t\t\t\t\t<div class=\"et_pb_slide_content\">\n<\/div>\r\n\t\t\t\t\t<a href=\"https:\/\/electroners.com\/mucho-mas-que-la-proxima-evolucion-de-una-red-celular-5g-habilitara-un-mundo-de-oportunidades-tecnologicas\/?wmc-currency=ARS\" class=\"et_pb_more_button\">M\u00e1s info<\/a>\r\n\t\t\t\t<\/div> <!-- .et_pb_slide_description -->\r\n\t\t\t<\/div> <!-- .et_pb_container -->\r\n\t\t\t\r\n\t\t<\/div> <!-- .et_pb_slide -->\r\n\t\t<div class=\"et_pb_slide et_pb_bg_layout_dark et_pb_media_alignment_center\" style='background-color:#ffffff;'>\r\n\t\t\t<div class=\"et_parallax_bg\" style=\"background-image: url(https:\/\/electroners.com\/wp-content\/uploads\/2019\/05\/AdobeStock_264619096-scaled.jpg);\"><\/div>\r\n\t\t\t<div class=\"et_pb_container clearfix\">\r\n\t\t\t\t\r\n\t\t\t\t<div class=\"et_pb_slide_description\">\r\n\t\t\t\t\t<h2><a href=\"http:\/\/iotweek.la\">Aprend\u00e9 a desarrollar aplicaciones para Internet of Things en la IoT Week 2021. Una semana de entrenamiento intensivo<\/a><\/h2>\r\n\t\t\t\t\t<div class=\"et_pb_slide_content\">\n<\/div>\r\n\t\t\t\t\t<a href=\"http:\/\/iotweek.la\" class=\"et_pb_more_button\">Registro gratuito<\/a>\r\n\t\t\t\t<\/div> <!-- .et_pb_slide_description -->\r\n\t\t\t<\/div> <!-- .et_pb_container -->\r\n\t\t\t\r\n\t\t<\/div> <!-- .et_pb_slide -->\r\n\t\t<div class=\"et_pb_slide et_pb_bg_layout_dark et_pb_media_alignment_center\" style='background-color:#ffffff;'>\r\n\t\t\t<div class=\"et_parallax_bg\" style=\"background-image: url(http:\/\/mcelectronics.com.ar\/site\/wp-content\/uploads\/2016\/02\/Android-scaled.jpg);\"><\/div>\r\n\t\t\t<div class=\"et_pb_container clearfix\">\r\n\t\t\t\t\r\n\t\t\t\t<div class=\"et_pb_slide_description\">\r\n\t\t\t\t\t<h2><a href=\"http:\/\/mcelectronics.com.ar\/site\/diseno-de-aplicaciones-moviles-android\/\">Android Collection<\/a><\/h2>\r\n\t\t\t\t\t<div class=\"et_pb_slide_content\">\n<p>Todos nuestros cursos de Android en esta colecci\u00f3n imperdible. Incluye las presentaciones y los ejercicios junto con el libro impreso\u00a0 \u201cAplicaciones Intuitivas con Android Studio\u201d.\u00a0 <strong>Merchandise oficial de Google.<\/strong><\/p>\n<\/div>\r\n\t\t\t\t\t<a href=\"http:\/\/mcelectronics.com.ar\/site\/diseno-de-aplicaciones-moviles-android\/\" class=\"et_pb_more_button\">Ver m\u00e1s<\/a>\r\n\t\t\t\t<\/div> <!-- .et_pb_slide_description -->\r\n\t\t\t<\/div> <!-- .et_pb_container -->\r\n\t\t\t\r\n\t\t<\/div> <!-- .et_pb_slide -->\r\n\t\t<div class=\"et_pb_slide et_pb_bg_layout_dark et_pb_media_alignment_center\" style='background-color:#ffffff;'>\r\n\t\t\t<div class=\"et_parallax_bg\" style=\"background-image: url(http:\/\/mcelectronics.com.ar\/site\/wp-content\/uploads\/2015\/12\/Book_01.jpg);\"><\/div>\r\n\t\t\t<div class=\"et_pb_container clearfix\">\r\n\t\t\t\t\r\n\t\t\t\t<div class=\"et_pb_slide_description\">\r\n\t\t\t\t\t<h2><a href=\"http:\/\/mcelectronics.com.ar\/site\/diseno-de-aplicaciones-wireless-embebidas-con-pic\/\">Dise\u00f1o de Aplicaciones Wireless Embebidas con PIC\u00ae<\/a><\/h2>\r\n\t\t\t\t\t<div class=\"et_pb_slide_content\">\n<p style=\"text-align: center;\">Aprenda a dise\u00f1ar aplicaciones wireless para IoT, wearables y dispositivos m\u00f3viles utilizando los m\u00f3dulos de Microchip.<\/p>\n<\/div>\r\n\t\t\t\t\t<a href=\"http:\/\/mcelectronics.com.ar\/site\/diseno-de-aplicaciones-wireless-embebidas-con-pic\/\" class=\"et_pb_more_button\">Ver m\u00e1s<\/a>\r\n\t\t\t\t<\/div> <!-- .et_pb_slide_description -->\r\n\t\t\t<\/div> <!-- .et_pb_container -->\r\n\t\t\t\r\n\t\t<\/div> <!-- .et_pb_slide -->\r\n\t\t\r\n\t\t\t<\/div> <!-- .et_pb_slides -->\r\n\t\t<\/div> <!-- .et_pb_slider -->\r\n\t\t\r\n\t\t\t\r\n\t\t<\/div> <!-- .et_pb_section --><div class=\"et_pb_section home-landing-section2 et_section_regular\" style='background-color:#ffffff;'>\r\n\t\t\t\r\n\t\t\t\r\n\t\t\t\t\r\n\t\t\t\t<div class=\"et_pb_row\">\r\n\t\t\t<div class=\"et_pb_column et_pb_column_4_4\">\r\n\t\t\t<a href=\"https:\/\/electroners.com\/\"><img decoding=\"async\" src=\"\" alt=\"\" class=\"et-waypoint et_pb_image et_pb_animation_fade_in\" \/><\/a>\r\n\t\t<\/div> <!-- .et_pb_column -->\r\n\t\t<\/div> <!-- .et_pb_row --><div class=\"et_pb_row\">\r\n\t\t\t<div class=\"et_pb_column et_pb_column_4_4 et_pb_column_empty\">\r\n\t\t\t\r\n\t\t<\/div> <!-- .et_pb_column -->\r\n\t\t<\/div> <!-- .et_pb_row --><div class=\"et_pb_row\">\r\n\t\t\t<div class=\"et_pb_column et_pb_column_1_3\">\r\n\t\t\t<a href=\"http:\/\/mcelectronics.com.ar\/site\/producto\/training-box-beginners\/\"><img decoding=\"async\" src=\"http:\/\/mcelectronics.com.ar\/site\/wp-content\/uploads\/2014\/03\/Capture-14.png\" alt=\"\" class=\"et-waypoint et_pb_image et_pb_animation_off\" \/><\/a><div class=\"et_pb_text et_pb_bg_layout_light et_pb_text_align_left\">\r\n\t\t\t\n<h3><span style=\"color: #00ccff;\"><span style=\"color: #000000;\">Curso on-demand<\/span><strong><span style=\"color: #000000;\"><br \/>\n<\/span><\/strong><\/span><\/h3>\n<p>Curso Intensivo de Programaci\u00f3n de PIC + Libro en espa\u00f1ol + Placa Microchip MPLAB Xpress + Pendrive de 16 GB (BOX)<\/p>\n\r\n\t\t<\/div> <!-- .et_pb_text -->\r\n\t\t<\/div> <!-- .et_pb_column --><div class=\"et_pb_column et_pb_column_1_3\">\r\n\t\t\t<a href=\"http:\/\/mcelectronics.com.ar\/site\/producto\/mce-smart-wi-fi\/\"><img decoding=\"async\" src=\"http:\/\/mcelectronics.com.ar\/site\/wp-content\/uploads\/2014\/03\/wifi_home.jpg\" alt=\"\" class=\"et-waypoint et_pb_image et_pb_animation_off\" \/><\/a><div class=\"et_pb_text et_pb_bg_layout_light et_pb_text_align_left\">\r\n\t\t\t\n<h3><span style=\"color: #00ccff;\"><span style=\"color: #000000;\">IoT con WI-FI<\/span><strong><span style=\"color: #000000;\"><br \/>\n<\/span><\/strong><\/span><\/h3>\n<p>Cloud computing a trav\u00e9s de WI-FI hecho simple. Nueva m\u00f3dulo RN1723 de Microchip por comandos AT.<\/p>\n\r\n\t\t<\/div> <!-- .et_pb_text -->\r\n\t\t<\/div> <!-- .et_pb_column --><div class=\"et_pb_column et_pb_column_1_3\">\r\n\t\t\t<a href=\"http:\/\/mcelectronics.com.ar\/site\/producto\/smart-human-for-makers\/\"><img decoding=\"async\" src=\"http:\/\/mcelectronics.com.ar\/site\/wp-content\/uploads\/2014\/03\/lora_home.jpg\" alt=\"\" class=\"et-waypoint et_pb_image et_pb_animation_off\" \/><\/a><div class=\"et_pb_text et_pb_bg_layout_light et_pb_text_align_left\">\r\n\t\t\t\n<h3><span style=\"color: #00ccff;\"><span style=\"color: #000000;\">Comunicaciones LoRa<\/span><strong><span style=\"color: #000000;\"><br \/>\n<\/span><\/strong><\/span><\/h3>\n<p>Enlaces RF de hasta 14 Km para aplicaciones de IoT con el protocolo LoRa. Conexiones punto a punto o por medio de un Gateway.<\/p>\n\r\n\t\t<\/div> <!-- .et_pb_text -->\r\n\t\t<\/div> <!-- .et_pb_column -->\r\n\t\t<\/div> <!-- .et_pb_row --><div class=\"et_pb_row\">\r\n\t\t\t<div class=\"et_pb_column et_pb_column_4_4\">\r\n\t\t\t<hr class=\"et_pb_space et_pb_divider\" style='border-color: #e8e8e8;height:20px;' \/>\r\n\t\t<\/div> <!-- .et_pb_column -->\r\n\t\t<\/div> <!-- .et_pb_row --><div class=\"et_pb_row\">\r\n\t\t\t<div class=\"et_pb_column et_pb_column_2_3 et_pb_column_empty\">\r\n\t\t\t\r\n\t\t<\/div> <!-- .et_pb_column --><div class=\"et_pb_column et_pb_column_1_3 et_pb_column_empty\">\r\n\t\t\t\r\n\t\t<\/div> <!-- .et_pb_column -->\r\n\t\t<\/div> <!-- .et_pb_row --><div class=\"et_pb_row\">\r\n\t\t\t<div class=\"et_pb_column et_pb_column_1_3\">\r\n\t\t\t<div class=\"et_pb_text et_pb_bg_layout_light et_pb_text_align_left\">\r\n\t\t\t\n<h2><span style=\"color: #00ccff;\"><span style=\"color: #000000;\">mc electronics<\/span><span style=\"color: #000000;\"><br \/>\n<\/span><\/span><\/h2>\n<p><strong><span style=\"color: #000000;\">\u2014<\/span><\/strong><\/p>\n\r\n\t\t<\/div> <!-- .et_pb_text --><div class=\"et_pb_text et_pb_bg_layout_light et_pb_text_align_left\">\r\n\t\t\t\n<p>Somos un equipo de profesionales que trabaja con pasi\u00f3n para asegurar que nuestros clientes tengan productos innovadores de excelente calidad. Dise\u00f1amos y fabricamos en Argentina bajo normas internacionales.<\/p>\n\r\n\t\t<\/div> <!-- .et_pb_text --><img decoding=\"async\" src=\"http:\/\/mcelectronics.com.ar\/site\/wp-content\/uploads\/2014\/03\/firma.jpg\" alt=\"\" class=\"et-waypoint et_pb_image et_pb_animation_off et_pb_image_sticky\" \/><div class=\"et_pb_text et_pb_bg_layout_light et_pb_text_align_left\">\r\n\t\t\t\n<h6>Ing. Alejandro Airoldi<br \/>\n<span style=\"color: #808080;\">CEO &amp; Co-founder<br \/>\n<\/span><\/h6>\n\r\n\t\t<\/div> <!-- .et_pb_text -->\r\n\t\t<\/div> <!-- .et_pb_column --><div class=\"et_pb_column et_pb_column_1_3\">\r\n\t\t\t<div class=\"et_pb_text et_pb_bg_layout_light et_pb_text_align_left\">\r\n\t\t\t\n<h2><span style=\"color: #00ccff;\"><span style=\"color: #000000;\">Calendario de Cursos<\/span><span style=\"color: #000000;\"><br \/>\n<\/span><\/span><\/h2>\n<p><strong><span style=\"color: #000000;\">\u2014<\/span><\/strong><\/p>\n\r\n\t\t<\/div> <!-- .et_pb_text --><div class=\"et_pb_tabs\">\r\n\t\t\t<ul class=\"et_pb_tabs_controls clearfix\">\r\n\t\t\t\t<li class=\"et_pb_tab_active\"><a href=\"#\">Agosto 2020 - IoT Day Santiago<\/a><\/li><li><a href=\"#\">Septiembre 2020 - IoT Day Bogot\u00e1<\/a><\/li><li><a href=\"#\">Octubre 2020 - MASTERs Argentina<\/a><\/li>\r\n\t\t\t<\/ul>\r\n\t\t\t<div class=\"et_pb_all_tabs\">\r\n\t\t\t\t<div class=\"et_pb_tab clearfix et_pb_active_content\">\r\n\t\t\t\n<p>Consumidores y mercados exponenciales con IoT. Aplicaciones para Smart Cities, Agro, log\u00edstica e industria. Hotel W Santiago. 19 de Agosto.<\/p>\n<p><span style=\"color: #0099ff;\"><a style=\"color: #0099ff;\" href=\"http:\/\/iotdayla.com\">Inscripci\u00f3n on-line<\/a><\/span><\/p>\n\r\n\t\t<\/div> <!-- .et_pb_tab --><div class=\"et_pb_tab clearfix\">\r\n\t\t\t\n<p>Consumidores y mercados exponenciales con IoT. Aplicaciones para Smart Cities, Agro, log\u00edstica e industria. Hotel Hilton Bogot\u00e1 Corfeiras. 9 de Septiembre.<\/p>\n<p><a href=\"http:\/\/iotdayla.com\"><span style=\"color: #0099ff;\">Inscripci\u00f3n on-line<\/span><\/a><\/p>\n\r\n\t\t<\/div> <!-- .et_pb_tab --><div class=\"et_pb_tab clearfix\">\r\n\t\t\t\n<p>Microchip MASTERs Conference Argentina &#8211; 11 a\u00f1os. El evento de IoT y negocios en espa\u00f1ol m\u00e1s importante de la regi\u00f3n con profesores de Argentina y Estados Unidos. 7 de Octubre &#8211; Alvear ART Hotel<\/p>\n<p><a href=\"http:\/\/microchip.com.ar\/masters\/\"><span style=\"color: #0099ff;\">Inscripci\u00f3n on-line<\/span><\/a><\/p>\n\r\n\t\t<\/div> <!-- .et_pb_tab -->\r\n\t\t\t<\/div> <!-- .et_pb_all_tabs -->\r\n\t\t<\/div> <!-- .et_pb_tabs -->\r\n\t\t<\/div> <!-- .et_pb_column --><div class=\"et_pb_column et_pb_column_1_3\">\r\n\t\t\t<div class=\"et_pb_text et_pb_bg_layout_light et_pb_text_align_left\">\r\n\t\t\t<iframe loading=\"lazy\" style=\"border: none; overflow: hidden; width: 300px; height: 427px;\" src=\"\/\/www.facebook.com\/plugins\/likebox.php?href=https%3A%2F%2Fwww.facebook.com%2Fmcelectronics&amp;width=300&amp;height=427&amp;colorscheme=light&amp;show_faces=false&amp;header=true&amp;stream=true&amp;show_border=true&amp;appId=237701389694481\" width=\"300\" height=\"150\" frameborder=\"0\" scrolling=\"no\"><\/iframe>\r\n\t\t<\/div> <!-- .et_pb_text -->\r\n\t\t<\/div> <!-- .et_pb_column -->\r\n\t\t<\/div> <!-- .et_pb_row --><div class=\"et_pb_row\">\r\n\t\t\t<div class=\"et_pb_column et_pb_column_4_4\">\r\n\t\t\t<hr class=\"et_pb_space\" style='height:1px;' \/>\r\n\t\t<\/div> <!-- .et_pb_column -->\r\n\t\t<\/div> <!-- .et_pb_row -->\r\n\t\t\t\r\n\t\t<\/div> <!-- .et_pb_section --><div class=\"et_pb_section et_pb_fullwidth_section home-landing-section3 et_section_regular\" style='background-color:#ffffff;'>\r\n\t\t\t\r\n\t\t\t\r\n\t\t\t\t\r\n\t\t\t\t<div class=\"et_pb_fullwidth_portfolio et_pb_fullwidth_portfolio_carousel et_pb_bg_layout_light\" data-auto-rotate=\"off\" data-auto-rotate-speed=\"7000\">\r\n\t\t\t\r\n\t\t\t<div class=\"et_pb_portfolio_items clearfix\" data-columns=\"\">\r\n\t\t\t\t\t\t\t<div id=\"post-1824\" class=\"et_pb_portfolio_item  post-1824 project type-project status-publish has-post-thumbnail hentry project_category-wcc\">\r\n\t\t\t\t\t\t\t\t<div class=\"et_pb_portfolio_image landscape\">\r\n\t\t\t\t\t\t<a href=\"http:\/\/mcelectronics.com.ar\/site\/project\/breakfast-6\/\">\r\n\t\t\t\t\t\t\t<img decoding=\"async\" src=\"http:\/\/mcelectronics.com.ar\/site\/wp-content\/uploads\/2014\/12\/04.jpg\" alt=\"@breakfast\"\/>\r\n\t\t\t\t\t\t\t<div class=\"meta\">\r\n\t\t\t\t\t\t\t\t<span class=\"et_overlay\"><\/span>\r\n\r\n\t\t\t\t\t\t\t\t\t\t\t\t\t\t\t\t\t<h3>@breakfast<\/h3>\r\n\t\t\t\t\t\t\t\t\r\n\t\t\t\t\t\t\t\t\t\t\t\t\t\t\t\t\t<p class=\"post-meta\">18\/01\/2015<\/p>\r\n\t\t\t\t\t\t\t\t\t\t\t\t\t\t\t<\/div>\r\n\t\t\t\t\t\t<\/a>\r\n\t\t\t\t\t<\/div>\r\n\t\t\t\t\t\t<\/div>\r\n\t\t\t\t\t\t<div id=\"post-1820\" class=\"et_pb_portfolio_item  post-1820 project type-project status-publish has-post-thumbnail hentry project_category-wcc\">\r\n\t\t\t\t\t\t\t\t<div class=\"et_pb_portfolio_image landscape\">\r\n\t\t\t\t\t\t<a href=\"http:\/\/mcelectronics.com.ar\/site\/project\/breakfast-5\/\">\r\n\t\t\t\t\t\t\t<img decoding=\"async\" src=\"http:\/\/mcelectronics.com.ar\/site\/wp-content\/uploads\/2015\/01\/IMG_3498.jpg\" alt=\"@breakfast\"\/>\r\n\t\t\t\t\t\t\t<div class=\"meta\">\r\n\t\t\t\t\t\t\t\t<span class=\"et_overlay\"><\/span>\r\n\r\n\t\t\t\t\t\t\t\t\t\t\t\t\t\t\t\t\t<h3>@breakfast<\/h3>\r\n\t\t\t\t\t\t\t\t\r\n\t\t\t\t\t\t\t\t\t\t\t\t\t\t\t\t\t<p class=\"post-meta\">18\/01\/2015<\/p>\r\n\t\t\t\t\t\t\t\t\t\t\t\t\t\t\t<\/div>\r\n\t\t\t\t\t\t<\/a>\r\n\t\t\t\t\t<\/div>\r\n\t\t\t\t\t\t<\/div>\r\n\t\t\t\t\t\t<div id=\"post-1815\" class=\"et_pb_portfolio_item  post-1815 project type-project status-publish has-post-thumbnail hentry project_category-wcc\">\r\n\t\t\t\t\t\t\t\t<div class=\"et_pb_portfolio_image landscape\">\r\n\t\t\t\t\t\t<a href=\"http:\/\/mcelectronics.com.ar\/site\/project\/breakfast-4\/\">\r\n\t\t\t\t\t\t\t<img decoding=\"async\" src=\"http:\/\/mcelectronics.com.ar\/site\/wp-content\/uploads\/2015\/01\/IMG_3487.jpg\" alt=\"@breakfast\"\/>\r\n\t\t\t\t\t\t\t<div class=\"meta\">\r\n\t\t\t\t\t\t\t\t<span class=\"et_overlay\"><\/span>\r\n\r\n\t\t\t\t\t\t\t\t\t\t\t\t\t\t\t\t\t<h3>@breakfast<\/h3>\r\n\t\t\t\t\t\t\t\t\r\n\t\t\t\t\t\t\t\t\t\t\t\t\t\t\t\t\t<p class=\"post-meta\">18\/01\/2015<\/p>\r\n\t\t\t\t\t\t\t\t\t\t\t\t\t\t\t<\/div>\r\n\t\t\t\t\t\t<\/a>\r\n\t\t\t\t\t<\/div>\r\n\t\t\t\t\t\t<\/div>\r\n\t\t\t\t\t\t<div id=\"post-1812\" class=\"et_pb_portfolio_item  post-1812 project type-project status-publish has-post-thumbnail hentry project_category-wcc\">\r\n\t\t\t\t\t\t\t\t<div class=\"et_pb_portfolio_image landscape\">\r\n\t\t\t\t\t\t<a href=\"http:\/\/mcelectronics.com.ar\/site\/project\/breakfast-3\/\">\r\n\t\t\t\t\t\t\t<img decoding=\"async\" src=\"http:\/\/mcelectronics.com.ar\/site\/wp-content\/uploads\/2015\/01\/IMG_3453.jpg\" alt=\"@breakfast\"\/>\r\n\t\t\t\t\t\t\t<div class=\"meta\">\r\n\t\t\t\t\t\t\t\t<span class=\"et_overlay\"><\/span>\r\n\r\n\t\t\t\t\t\t\t\t\t\t\t\t\t\t\t\t\t<h3>@breakfast<\/h3>\r\n\t\t\t\t\t\t\t\t\r\n\t\t\t\t\t\t\t\t\t\t\t\t\t\t\t\t\t<p class=\"post-meta\">18\/01\/2015<\/p>\r\n\t\t\t\t\t\t\t\t\t\t\t\t\t\t\t<\/div>\r\n\t\t\t\t\t\t<\/a>\r\n\t\t\t\t\t<\/div>\r\n\t\t\t\t\t\t<\/div>\r\n\t\t\t\t\t\t<div id=\"post-1807\" class=\"et_pb_portfolio_item  post-1807 project type-project status-publish has-post-thumbnail hentry project_category-wcc\">\r\n\t\t\t\t\t\t\t\t<div class=\"et_pb_portfolio_image landscape\">\r\n\t\t\t\t\t\t<a href=\"http:\/\/mcelectronics.com.ar\/site\/project\/breakfast-2\/\">\r\n\t\t\t\t\t\t\t<img decoding=\"async\" src=\"http:\/\/mcelectronics.com.ar\/site\/wp-content\/uploads\/2015\/01\/IMG_3470.jpg\" alt=\"@breakfast\"\/>\r\n\t\t\t\t\t\t\t<div class=\"meta\">\r\n\t\t\t\t\t\t\t\t<span class=\"et_overlay\"><\/span>\r\n\r\n\t\t\t\t\t\t\t\t\t\t\t\t\t\t\t\t\t<h3>@breakfast<\/h3>\r\n\t\t\t\t\t\t\t\t\r\n\t\t\t\t\t\t\t\t\t\t\t\t\t\t\t\t\t<p class=\"post-meta\">18\/01\/2015<\/p>\r\n\t\t\t\t\t\t\t\t\t\t\t\t\t\t\t<\/div>\r\n\t\t\t\t\t\t<\/a>\r\n\t\t\t\t\t<\/div>\r\n\t\t\t\t\t\t<\/div>\r\n\t\t\t\t\t\t<div id=\"post-1802\" class=\"et_pb_portfolio_item  post-1802 project type-project status-publish has-post-thumbnail hentry project_category-wcc\">\r\n\t\t\t\t\t\t\t\t<div class=\"et_pb_portfolio_image landscape\">\r\n\t\t\t\t\t\t<a href=\"http:\/\/mcelectronics.com.ar\/site\/project\/breakfast\/\">\r\n\t\t\t\t\t\t\t<img decoding=\"async\" src=\"http:\/\/mcelectronics.com.ar\/site\/wp-content\/uploads\/2014\/06\/IMG_3490.jpg\" alt=\"@breakfast\"\/>\r\n\t\t\t\t\t\t\t<div class=\"meta\">\r\n\t\t\t\t\t\t\t\t<span class=\"et_overlay\"><\/span>\r\n\r\n\t\t\t\t\t\t\t\t\t\t\t\t\t\t\t\t\t<h3>@breakfast<\/h3>\r\n\t\t\t\t\t\t\t\t\r\n\t\t\t\t\t\t\t\t\t\t\t\t\t\t\t\t\t<p class=\"post-meta\">18\/01\/2015<\/p>\r\n\t\t\t\t\t\t\t\t\t\t\t\t\t\t\t<\/div>\r\n\t\t\t\t\t\t<\/a>\r\n\t\t\t\t\t<\/div>\r\n\t\t\t\t\t\t<\/div>\r\n\t\t\t\r\n\t\t\t<\/div><!-- .et_pb_portfolio_items -->\r\n\t\t<\/div> <!-- .et_pb_fullwidth_portfolio -->\r\n\t\t\t\r\n\t\t<\/div> <!-- .et_pb_section --><\/p>\n","protected":false},"excerpt":{"rendered":"","protected":false},"author":2,"featured_media":0,"parent":0,"menu_order":0,"comment_status":"open","ping_status":"open","template":"","meta":{"footnotes":""},"class_list":["post-135","page","type-page","status-publish","hentry"],"_links":{"self":[{"href":"http:\/\/mcelectronics.com.ar\/site\/wp-json\/wp\/v2\/pages\/135","targetHints":{"allow":["GET"]}}],"collection":[{"href":"http:\/\/mcelectronics.com.ar\/site\/wp-json\/wp\/v2\/pages"}],"about":[{"href":"http:\/\/mcelectronics.com.ar\/site\/wp-json\/wp\/v2\/types\/page"}],"author":[{"embeddable":true,"href":"http:\/\/mcelectronics.com.ar\/site\/wp-json\/wp\/v2\/users\/2"}],"replies":[{"embeddable":true,"href":"http:\/\/mcelectronics.com.ar\/site\/wp-json\/wp\/v2\/comments?post=135"}],"version-history":[{"count":521,"href":"http:\/\/mcelectronics.com.ar\/site\/wp-json\/wp\/v2\/pages\/135\/revisions"}],"predecessor-version":[{"id":7696,"href":"http:\/\/mcelectronics.com.ar\/site\/wp-json\/wp\/v2\/pages\/135\/revisions\/7696"}],"wp:attachment":[{"href":"http:\/\/mcelectronics.com.ar\/site\/wp-json\/wp\/v2\/media?parent=135"}],"curies":[{"name":"wp","href":"https:\/\/api.w.org\/{rel}","templated":true}]}}